{"id":32,"date":"2025-10-23T21:45:19","date_gmt":"2025-10-23T21:45:19","guid":{"rendered":"https:\/\/www.cinemaiubit.ro\/despre-noi\/"},"modified":"2026-03-15T17:31:42","modified_gmt":"2026-03-15T17:31:42","slug":"premii-cinemaiubit","status":"publish","type":"page","link":"https:\/\/www.cinemaiubit.ro\/ro\/premii-cinemaiubit\/","title":{"rendered":"PREMII"},"content":{"rendered":"<section class=\"l-section wpb_row height_small\"><div class=\"l-section-h i-cf\"><div class=\"g-cols vc_row via_flex valign_top type_default stacking_default\"><div class=\"vc_col-sm-12 wpb_column vc_column_container\"><div class=\"vc_column-inner\"><div class=\"wpb_wrapper\"><div class=\"w-iconbox iconpos_top style_default color_primary align_center no_text\"><div class=\"w-iconbox-icon\" style=\"font-size:2rem;\"><i class=\"fas fa-award\"><\/i><\/div><div class=\"w-iconbox-meta\"><h2 class=\"w-iconbox-title\">Premiile CINEMAIUBIT ISFF #29<\/h2><\/div><\/div><div class=\"w-separator size_small with_line width_default thick_2 style_dotted color_border align_center\"><div class=\"w-separator-h\"><\/div><\/div><div class=\"g-cols wpb_row via_flex valign_top type_default stacking_default\"><div class=\"vc_col-sm-4 wpb_column vc_column_container\"><div class=\"vc_column-inner\"><div class=\"wpb_wrapper\"><div class=\"wpb_text_column\"><div class=\"wpb_wrapper\"><p style=\"text-align: center;\">CE MAI BUN FILM<br \/>\n<em>oferit de ZUMZET<\/em><br \/>\n<strong>A NEW GARDEN<\/strong><br \/>\n<em>Lea Marie Lembke (Filmakademie Baden-W\u00fcrttemberg)<\/em><\/p>\n<\/div><\/div><\/div><\/div><\/div><div class=\"vc_col-sm-4 wpb_column vc_column_container\"><div class=\"vc_column-inner\"><div class=\"wpb_wrapper\"><div class=\"wpb_text_column\"><div class=\"wpb_wrapper\"><p style=\"text-align: center;\"><strong>PREMIUL DE REGIE \u201cCRISTIAN NEMESCU\u201d<\/strong><br \/>\n<em>oferit de FUNDA\u021aIA CINEMAIUBIT<\/em><br \/>\n<strong>INKUBUS<\/strong><br \/>\n<em>Sam Mosadegh (Hamburg Media School)<\/em><\/p>\n<\/div><\/div><\/div><\/div><\/div><div class=\"vc_col-sm-4 wpb_column vc_column_container\"><div class=\"vc_column-inner\"><div class=\"wpb_wrapper\"><div class=\"wpb_text_column\"><div class=\"wpb_wrapper\"><p style=\"text-align: center;\"><strong>PREMIUL \u201cLUCIAN PINTILIE\u201d PENTRU CEL MAI BUN FILM ROM\u00c2NESC<\/strong><br \/>\n<em>oferit de DACIN SARA<\/em><br \/>\n<strong>ATUNCI C\u00c2ND SUNTEM \u00ceMPREUN\u0102<\/strong><br \/>\n<em>Alexia Dr\u0103gan (UNATC)<\/em><\/p>\n<\/div><\/div><\/div><\/div><\/div><\/div><div class=\"w-separator size_small with_line width_default thick_2 style_dotted color_border align_center\"><div class=\"w-separator-h\"><\/div><\/div><div class=\"g-cols wpb_row via_flex valign_top type_default stacking_default\"><div class=\"vc_col-sm-4 wpb_column vc_column_container\"><div class=\"vc_column-inner\"><div class=\"wpb_wrapper\"><div class=\"wpb_text_column\"><div class=\"wpb_wrapper\"><p style=\"text-align: center;\"><strong>PREMIUL PRE\u0218EDINTELUI UCIN, LAUREN\u021aIU DAMIAN<\/strong><br \/>\n<em>oferit de UCIN<\/em><br \/>\n<strong>OUR TENDER MOMENT<\/strong><br \/>\n<em>Zsofia Polacsek (Sapientia, Cluj-Napoca)<\/em><\/p>\n<\/div><\/div><\/div><\/div><\/div><div class=\"vc_col-sm-4 wpb_column vc_column_container\"><div class=\"vc_column-inner\"><div class=\"wpb_wrapper\"><div class=\"wpb_text_column\"><div class=\"wpb_wrapper\"><p style=\"text-align: center;\"><strong>PREMIUL PENTRU SCENARIU \u201cC\u0102T\u0102LIN COCRI\u0218\u201d<\/strong><br \/>\n<em>oferit de Asocia\u021bia Cultural\u0103 ZUMZET<\/em><br \/>\n<strong>BEWARE OF GOOD DOG<\/strong><br \/>\n<em>Adelina Borets (Krzysztof Kieslowski Film School)<\/em><\/p>\n<\/div><\/div><\/div><\/div><\/div><div class=\"vc_col-sm-4 wpb_column vc_column_container\"><div class=\"vc_column-inner\"><div class=\"wpb_wrapper\"><div class=\"wpb_text_column\"><div class=\"wpb_wrapper\"><p style=\"text-align: center;\"><strong>PREMIUL CRITICII<\/strong><br \/>\n<em>oferit de UCIN<\/em><br \/>\n<strong>FURSECURI \u0218I LAPTE<\/strong><br \/>\n<em>Andrei Tache-Codreanu (UNATC)<\/em><\/p>\n<\/div><\/div><\/div><\/div><\/div><\/div><div class=\"w-separator size_small with_line width_default thick_2 style_dotted color_border align_center\"><div class=\"w-separator-h\"><\/div><\/div><div class=\"g-cols wpb_row via_flex valign_top type_default stacking_default\"><div class=\"vc_col-sm-4 wpb_column vc_column_container\"><div class=\"vc_column-inner\"><div class=\"wpb_wrapper\"><div class=\"wpb_text_column\"><div class=\"wpb_wrapper\"><p style=\"text-align: center;\"><strong>PREMIUL \u201cANDREI (OTTO) TONCU\u201d PENTRU BEST SOUND DESIGN A UNUI FILM ROM\u00c2NESC<\/strong><br \/>\n<em>oferit de Elena \u0219i Horia Toncu &amp; THE CANDY SHOP<\/em><br \/>\n<strong>GHEORGHE \u0218I SABIN<\/strong><br \/>\n<em>Cezar Lixeanu (UNATC)<\/em><\/p>\n<\/div><\/div><\/div><\/div><\/div><div class=\"vc_col-sm-4 wpb_column vc_column_container\"><div class=\"vc_column-inner\"><div class=\"wpb_wrapper\"><div class=\"wpb_text_column\"><div class=\"wpb_wrapper\"><p style=\"text-align: center;\"><strong>PREMIUL DE FOTOGRAFIE \u201cSORIN BOTO\u0218ENEANU\u201d<\/strong><br \/>\n<em>oferit de Icon Production<\/em><br \/>\n<strong>Andreea Groza (UNATC)<\/strong><\/p>\n<\/div><\/div><\/div><\/div><\/div><div class=\"vc_col-sm-4 wpb_column vc_column_container\"><div class=\"vc_column-inner\"><div class=\"wpb_wrapper\"><div class=\"wpb_text_column\"><div class=\"wpb_wrapper\"><p style=\"text-align: center;\"><strong>PREMIUL \u201cPAUL C\u0102LINESCU\u201d PENTRU CEL MAI BUN DOCUMENTAR<\/strong><br \/>\n<em>oferit de FUNDA\u021aIA CINEMAIUBIT<\/em><br \/>\n<strong>LOST GARDENIAS<\/strong><br \/>\n<em>Galatia Lagoutari (Aristotle University)<\/em><\/p>\n<\/div><\/div><\/div><\/div><\/div><\/div><div class=\"w-separator size_small with_line width_default thick_2 style_dotted color_border align_center\"><div class=\"w-separator-h\"><\/div><\/div><div class=\"g-cols wpb_row via_flex valign_top type_default stacking_default\"><div class=\"vc_col-sm-4 wpb_column vc_column_container\"><div class=\"vc_column-inner\"><div class=\"wpb_wrapper\"><div class=\"wpb_text_column\"><div class=\"wpb_wrapper\"><p style=\"text-align: center;\"><strong>PREMIUL \u201cION BOSTAN\u201d PENTRU CEL MAI BUN DOCUMENTAR ROM\u00c2NESC<\/strong><br \/>\n<em>oferit de DACIN SARA<\/em><br \/>\n<strong>KARATISTA<\/strong><br \/>\n<em>Alessia Borangic (UNATC)<\/em><\/p>\n<\/div><\/div><\/div><\/div><\/div><div class=\"vc_col-sm-4 wpb_column vc_column_container\"><div class=\"vc_column-inner\"><div class=\"wpb_wrapper\"><div class=\"wpb_text_column\"><div class=\"wpb_wrapper\"><p style=\"text-align: center;\"><strong>PREMIUL DE IMAGINE \u00ceN FILM ROM\u00c2NESC<\/strong><br \/>\n<em>oferit de SONY<\/em><br \/>\n<strong>O NOAPTE CALD\u0102<\/strong><span> and <\/span><strong>INTERVIU<\/strong><br \/>\n<em>Andreea \u0218tef\u0103nescu (UNATC)<\/em><\/p>\n<\/div><\/div><\/div><\/div><\/div><div class=\"vc_col-sm-4 wpb_column vc_column_container\"><div class=\"vc_column-inner\"><div class=\"wpb_wrapper\"><div class=\"wpb_text_column\"><div class=\"wpb_wrapper\"><p style=\"text-align: center;\"><strong>PREMIUL DE MONTAJ PENTRU FILM ROM\u00c2NESC<\/strong><br \/>\n<em>oferit de THE CANDY SHOP<\/em><br \/>\n<strong>ATUNCI C\u00c2ND SUNTEM \u00ceMPREUN\u0102<\/strong><br \/>\n<em>Montajul: Rare\u0219 Savu (UNATC)<\/em><\/p>\n<\/div><\/div><\/div><\/div><\/div><\/div><div class=\"w-separator size_small with_line width_default thick_2 style_dotted color_border align_center\"><div class=\"w-separator-h\"><\/div><\/div><div class=\"g-cols wpb_row via_flex valign_top type_default stacking_default\"><div class=\"vc_col-sm-4 wpb_column vc_column_container\"><div class=\"vc_column-inner\"><div class=\"wpb_wrapper\"><div class=\"wpb_text_column\"><div class=\"wpb_wrapper\"><p style=\"text-align: center;\"><strong>PREMIUL \u201cRSC\u201d PENTRU CEL MAI BUN FILM ROM\u00c2NESC<\/strong><br \/>\n<em>oferit de RSC &amp; American Cinematographer<\/em><br \/>\n<strong>INKUBUS (Hamburg Media School)<\/strong><br \/>\n<em>Imaginea: Luca Louis Hain<\/em><\/p>\n<\/div><\/div><\/div><\/div><\/div><div class=\"vc_col-sm-4 wpb_column vc_column_container\"><div class=\"vc_column-inner\"><div class=\"wpb_wrapper\"><div class=\"wpb_text_column\"><div class=\"wpb_wrapper\"><p style=\"text-align: center;\"><strong>MEN\u021aIUNE SPECIAL\u0102 PENTRU IMAGINE \u00ceN FILM ROM\u00c2NESC<\/strong><br \/>\n<em>oferit de Romanian Society of Cinematographers &amp; American Cinematographer<\/em><br \/>\n<strong> CUM AM \u00ceNV\u0102\u021aAT S\u0102 NU M\u0102 OMOR<\/strong><br \/>\n<em>Lauren\u021biu Manolescu (UNATC)<\/em><\/p>\n<\/div><\/div><\/div><\/div><\/div><div class=\"vc_col-sm-4 wpb_column vc_column_container\"><div class=\"vc_column-inner\"><div class=\"wpb_wrapper\"><div class=\"wpb_text_column\"><div class=\"wpb_wrapper\"><p style=\"text-align: center;\">CEA MAI BUN\u0102 ACTRI\u021a\u0102<br \/>\n<em>oferit de FUNDA\u021aIA CINEMAIUBIT<\/em><br \/>\n<strong>Rubi Schimmelpfennig<\/strong><br \/>\n<span>A NEW GARDEN (Filmakademie Baden-W\u00fcrttenberg)<\/span><\/p>\n<\/div><\/div><\/div><\/div><\/div><\/div><div class=\"w-separator size_small with_line width_default thick_2 style_dotted color_border align_center\"><div class=\"w-separator-h\"><\/div><\/div><div class=\"g-cols wpb_row via_flex valign_top type_default stacking_default\"><div class=\"vc_col-sm-4 wpb_column vc_column_container\"><div class=\"vc_column-inner\"><div class=\"wpb_wrapper\"><div class=\"wpb_text_column\"><div class=\"wpb_wrapper\"><p style=\"text-align: center;\"><strong>CEL MAI BUN ACTOR<\/strong><br \/>\n<em>oferit de FUNDA\u021aIA CINEMAIUBIT<\/em><br \/>\n<strong>Philip G\u00fcnsch<\/strong><br \/>\n<em>WHAT\u2019S WRONG WITH YOU (Hamburg Media School)<\/em><\/p>\n<\/div><\/div><\/div><\/div><\/div><div class=\"vc_col-sm-4 wpb_column vc_column_container\"><div class=\"vc_column-inner\"><div class=\"wpb_wrapper\"><div class=\"wpb_text_column\"><div class=\"wpb_wrapper\"><p style=\"text-align: center;\"><strong>CEL MAI BUN FILM DE ANIMA\u021aIE<\/strong><br \/>\n<em>oferit de FUNDA\u021aIA CINEMAIUBIT<\/em><br \/>\n<strong>DO SOMETHING<\/strong><br \/>\n<em>Sofija Zivkovic (Filmakademie Baden-W\u00fcrttemberg)<\/em><\/p>\n<\/div><\/div><\/div><\/div><\/div><div class=\"vc_col-sm-4 wpb_column vc_column_container\"><div class=\"vc_column-inner\"><div class=\"wpb_wrapper\"><div class=\"wpb_text_column\"><div class=\"wpb_wrapper\"><p style=\"text-align: center;\"><strong>PREMIUL \u201cION TRUIC\u0102\u201d PENTRU CEL MAI BUN FILM DE ANIMA\u021aIE ROM\u00c2NEASC\u0102<\/strong><br \/>\n<em>oferit de DACIN SARA<\/em><br \/>\n<strong>\u00ceN NOAPTEA DE MO\u0218 NICOLAE<\/strong><br \/>\n<em>Emy Mirel Iva\u0219c\u0103 (UNATC)<\/em><\/p>\n<\/div><\/div><\/div><\/div><\/div><\/div><div class=\"w-separator size_small with_line width_default thick_2 style_dotted color_border align_center\"><div class=\"w-separator-h\"><\/div><\/div><div class=\"g-cols wpb_row via_flex valign_top type_default stacking_default\"><div class=\"vc_col-sm-4 wpb_column vc_column_container\"><div class=\"vc_column-inner\"><div class=\"wpb_wrapper\"><div class=\"wpb_text_column\"><div class=\"wpb_wrapper\"><p style=\"text-align: center;\"><strong>PREMIUL \u201cVICTOR ILIU\u201d<\/strong><br \/>\n<em>oferit de regizorul Nicolae Cabel<\/em><br \/>\n<strong>SIGNS FROM BELLOW<\/strong><br \/>\n<em>Maude Vuillez (La Femis)<\/em><\/p>\n<\/div><\/div><\/div><\/div><\/div><div class=\"vc_col-sm-4 wpb_column vc_column_container\"><div class=\"vc_column-inner\"><div class=\"wpb_wrapper\"><div class=\"wpb_text_column\"><div class=\"wpb_wrapper\"><p style=\"text-align: center;\"><strong>PREMIUL \u201cNINA BEHAR\u201d<\/strong><br \/>\n<em>oferit de Vladimir Eli<\/em><br \/>\n<strong>FIRST LAST MONTH (Warsaw Film School)<\/strong><br \/>\n<em>Elena Vatamanu-M\u0103rgineanu<\/em><\/p>\n<\/div><\/div><\/div><\/div><\/div><div class=\"vc_col-sm-4 wpb_column vc_column_container\"><div class=\"vc_column-inner\"><div class=\"wpb_wrapper\"><div class=\"wpb_text_column\"><div class=\"wpb_wrapper\"><p style=\"text-align: center;\"><strong>PREMIUL LICEENILOR<\/strong><br \/>\n<strong>FIRST LAST MONTH (Warsaw Film School)<\/strong><br \/>\n<em>Elena Vatamanu-M\u0103rgineanu<\/em><\/p>\n<\/div><\/div><\/div><\/div><\/div><\/div><div class=\"w-separator size_small with_line width_default thick_2 style_dotted color_border align_center\"><div class=\"w-separator-h\"><\/div><\/div><div class=\"g-cols wpb_row via_flex valign_top type_default stacking_default\"><div class=\"vc_col-sm-4 wpb_column vc_column_container\"><div class=\"vc_column-inner\"><div class=\"wpb_wrapper\"><div class=\"wpb_text_column\"><div class=\"wpb_wrapper\"><p style=\"text-align: center;\">MEN\u021aIUNE SPECIAL\u0102<br \/>\n<strong>UMWELT<\/strong><br \/>\n<em>Elko Van Raemdonck (Luca School of Arts)<br \/>\n<strong>AJUTOARE<\/strong><br \/>\nValentin Rare\u0219 Fogoro\u0219 (UNATC)<\/em><\/p>\n<\/div><\/div><\/div><\/div><\/div><div class=\"vc_col-sm-4 wpb_column vc_column_container\"><div class=\"vc_column-inner\"><div class=\"wpb_wrapper\"><div class=\"wpb_text_column\"><div class=\"wpb_wrapper\"><p style=\"text-align: center;\"><strong>PREMIUL DE AFI\u0218 \u201cCINEMAIUBIT 2026\u201d<\/strong><br \/>\n<em>oferit de FUNDA\u021aIA CINEMAIUBIT<\/em><br \/>\n<strong>Ecaterina Pancu (UNATC)<\/strong><\/p>\n<\/div><\/div><\/div><\/div><\/div><div class=\"vc_col-sm-4 wpb_column vc_column_container\"><div class=\"vc_column-inner\"><div class=\"wpb_wrapper\"><div class=\"wpb_text_column\"><div class=\"wpb_wrapper\"><p style=\"text-align: center;\"><strong>MEN\u021aIUNE PENTRU FILMUL DE ANIMA\u021aIE<\/strong><br \/>\n<strong>ORA DE CULCARE.<\/strong><br \/>\n<em>Gabriel Stoiciu (UNATC)<\/em><\/p>\n<\/div><\/div><\/div><\/div><\/div><\/div><div class=\"w-separator size_small with_line width_default thick_2 style_dotted color_border align_center\"><div class=\"w-separator-h\"><\/div><\/div><div class=\"wpb_text_column\"><div class=\"wpb_wrapper\"><p style=\"text-align: center;\"><strong>PREMIILE FUTURE PERSPECTIVES<\/strong><br \/>\n<em>oferit de Asocia\u021bia Cultural\u0103 ZUMZET<br \/>\nPremiul a fost oferit prin vot public. Filmele au fost proiectate pe platforma CINEPUB \u0219i au fost vizionate de 13.968 de telespectatori. Dintr-un total de 1.358 de voturi, filmul c\u00e2\u0219tig\u0103tor a primit 487 de voturi.<\/em><br \/>\n<strong>PE\u0218TI<br \/>\n<\/strong><em>Maria Filipache (UNATC)<\/em><\/p>\n<\/div><\/div><div class=\"w-separator size_small with_line width_default thick_2 style_dotted color_border align_center\"><div class=\"w-separator-h\"><\/div><\/div><div class=\"wpb_text_column\"><div class=\"wpb_wrapper\"><p style=\"text-align: center;\"><strong>COMPETI\u021aIA \u201cCINEMASCRIS\u201d \u2013 PREMIUL PENTRU SCENARIU \u201cDUMITRU CARAB\u0102\u021a\u201d<br \/>\n<\/strong><em>oferit de Asocia\u021bia Cultural\u0103 CONTROL N<\/em><br \/>\n<strong>REVELION 2010<\/strong><br \/>\n<span>Carla Pantilie (UNATC)<\/span><\/p>\n<\/div><\/div><div class=\"w-separator size_small with_line width_default thick_2 style_dotted color_border align_center\"><div class=\"w-separator-h\"><\/div><\/div><div class=\"wpb_text_column\"><div class=\"wpb_wrapper\"><h3 style=\"text-align: center;\"><strong>SECTIUNEA REFRAMED<\/strong><br \/>\nPremii oferite de Asocia\u021bia Cultural\u0103 CINEPUB<\/h3>\n<\/div><\/div><div class=\"w-separator size_small with_line width_default thick_2 style_dotted color_border align_center\"><div class=\"w-separator-h\"><\/div><\/div><div class=\"g-cols wpb_row via_flex valign_top type_default stacking_default\"><div class=\"vc_col-sm-6 wpb_column vc_column_container\"><div class=\"vc_column-inner\"><div class=\"wpb_wrapper\"><div class=\"wpb_text_column\"><div class=\"wpb_wrapper\"><p style=\"text-align: center;\"><strong>PREMIUL PENTRU VIDEO ESEU<br \/>\nRELA\u021aIILE DE CUPLU \u00ceN FILMELE LUI CRISTI PUIU<\/strong><br \/>\n<span>Alex Constantin Mandea (UNATC)<\/span><\/p>\n<\/div><\/div><\/div><\/div><\/div><div class=\"vc_col-sm-6 wpb_column vc_column_container\"><div class=\"vc_column-inner\"><div class=\"wpb_wrapper\"><div class=\"wpb_text_column\"><div class=\"wpb_wrapper\"><p style=\"text-align: center;\"><strong>PREMIUL PENTRU TRAILER<br \/>\nNunta de Piatr\u0103<br \/>\n<\/strong><span>Luca David Dragodan (UBB)<\/span><\/p>\n<\/div><\/div><\/div><\/div><\/div><\/div><\/div><\/div><\/div><\/div><\/div><\/section>\n","protected":false},"excerpt":{"rendered":"Premiile CINEMAIUBIT ISFF #29CE MAI BUN FILM oferit de ZUMZET A NEW GARDEN Lea Marie Lembke (Filmakademie Baden-W\u00fcrttemberg) PREMIUL DE REGIE \u201cCRISTIAN NEMESCU\u201d oferit de FUNDA\u021aIA CINEMAIUBIT INKUBUS Sam Mosadegh (Hamburg Media School) PREMIUL \u201cLUCIAN PINTILIE\u201d PENTRU CEL MAI BUN FILM ROM\u00c2NESC oferit de DACIN SARA ATUNCI C\u00c2ND SUNTEM \u00ceMPREUN\u0102 Alexia Dr\u0103gan (UNATC) PREMIUL PRE\u0218EDINTELUI...","protected":false},"author":1,"featured_media":0,"parent":0,"menu_order":0,"comment_status":"closed","ping_status":"closed","template":"","meta":{"footnotes":""},"class_list":["post-32","page","type-page","status-publish","hentry"],"_links":{"self":[{"href":"https:\/\/www.cinemaiubit.ro\/ro\/wp-json\/wp\/v2\/pages\/32","targetHints":{"allow":["GET"]}}],"collection":[{"href":"https:\/\/www.cinemaiubit.ro\/ro\/wp-json\/wp\/v2\/pages"}],"about":[{"href":"https:\/\/www.cinemaiubit.ro\/ro\/wp-json\/wp\/v2\/types\/page"}],"author":[{"embeddable":true,"href":"https:\/\/www.cinemaiubit.ro\/ro\/wp-json\/wp\/v2\/users\/1"}],"replies":[{"embeddable":true,"href":"https:\/\/www.cinemaiubit.ro\/ro\/wp-json\/wp\/v2\/comments?post=32"}],"version-history":[{"count":18,"href":"https:\/\/www.cinemaiubit.ro\/ro\/wp-json\/wp\/v2\/pages\/32\/revisions"}],"predecessor-version":[{"id":1319,"href":"https:\/\/www.cinemaiubit.ro\/ro\/wp-json\/wp\/v2\/pages\/32\/revisions\/1319"}],"wp:attachment":[{"href":"https:\/\/www.cinemaiubit.ro\/ro\/wp-json\/wp\/v2\/media?parent=32"}],"curies":[{"name":"wp","href":"https:\/\/api.w.org\/{rel}","templated":true}]}}