{"id":1187,"date":"2025-12-06T23:46:44","date_gmt":"2025-12-06T23:46:44","guid":{"rendered":"https:\/\/www.cinemaiubit.ro\/despre-noi-2\/"},"modified":"2025-12-06T23:55:19","modified_gmt":"2025-12-06T23:55:19","slug":"despre-noi","status":"publish","type":"page","link":"https:\/\/www.cinemaiubit.ro\/ro\/despre-noi\/","title":{"rendered":"DESPRE NOI"},"content":{"rendered":"<section class=\"l-section wpb_row height_small\"><div class=\"l-section-h i-cf\"><div class=\"g-cols vc_row via_flex valign_top type_default stacking_default\"><div class=\"vc_col-sm-12 wpb_column vc_column_container\"><div class=\"vc_column-inner\"><div class=\"wpb_wrapper\"><div class=\"g-cols wpb_row via_flex valign_top type_default stacking_default\"><div class=\"vc_col-sm-12 wpb_column vc_column_container\"><div class=\"vc_column-inner\"><div class=\"wpb_wrapper\"><div class=\"wpb_text_column\"><div class=\"wpb_wrapper\"><h3 style=\"text-align: left;\">ORGANIZATORI:<\/h3>\n<p style=\"text-align: left;\"><strong>UNIVERSITATEA NA\u021aIONAL\u0102 DE ART\u0102 TEATRAL\u0102 \u0218I CINEMATOGRAFIC\u0102 \u201cI.L.CARAGIALE\u201d BUCURE\u0218TI<\/strong><br \/>FUNDA\u021aIA CINEMAIUBIT<\/p>\n<h3 style=\"text-align: left;\">CU SPRIJINUL<\/h3>\n<p style=\"text-align: left;\"><strong>CENTRULUI NA\u021aIONAL AL CINEMATOGRAFIEI<\/strong><br \/><strong>UNIUNII CINEA\u0218TILOR DIN ROM\u00c2NIA<\/strong><br \/><strong>DACIN SARA<\/strong><\/p>\n<\/div><\/div><\/div><\/div><\/div><\/div><div class=\"w-separator size_small with_line width_default thick_2 style_dotted color_border align_center\"><div class=\"w-separator-h\"><\/div><\/div><div class=\"g-cols wpb_row via_flex valign_top type_default stacking_default\"><div class=\"vc_col-sm-6 wpb_column vc_column_container\"><div class=\"vc_column-inner\"><div class=\"wpb_wrapper\"><div class=\"wpb_text_column\"><div class=\"wpb_wrapper\"><p>PRE\u0218EDINTELE FUNDA\u021aIEI CINEMAIUBIT<br \/>\nFONDATOR FESTIVAL<br \/>\nProf.univ. ELISABETA BOSTAN<\/p>\n<p>DIRECTOR FESTIVAL<br \/>\nProf.univ.dr. DORU NI\u021aESCU<\/p>\n<\/div><\/div><\/div><\/div><\/div><div class=\"vc_col-sm-6 wpb_column vc_column_container\"><div class=\"vc_column-inner\"><div class=\"wpb_wrapper\"><div class=\"wpb_text_column\"><div class=\"wpb_wrapper\"><p>DIRECTOR COMPETI\u021aII<br \/>\nConf.univ.dr. MARIUS \u0218OPTEREAN <\/p>\n<p>DIRECTOR RELA\u021aII INTERNA\u021aIONALE<br \/>\nConf.univ.dr. C\u0102T\u0102LINA SIMION-C\u0102LIN<\/p>\n<\/div><\/div><\/div><\/div><\/div><\/div><div class=\"w-separator size_small with_line width_default thick_2 style_dotted color_border align_center\"><div class=\"w-separator-h\"><\/div><\/div><div class=\"wpb_text_column\"><div class=\"wpb_wrapper\"><h6>Festivalul Interna\u021bional de Film Studen\u021besc CINEMAIUBIT a fost fondat \u00een 1996 \u0219i dup\u0103 numai dou\u0103 edi\u021bii a devenit interna\u021bional, afl\u00e2ndu-se, de atunci, \u00eentr-o continu\u0103 dezvoltare devenind nu doar un festival, ci \u0219i o platform\u0103 cultural\u0103 \u0219i educa\u021bional\u0103 pentru iubitorii de film. <\/h6>\n<h6>De-a lungul celor <strong><a href=\"https:\/\/www.cinemaiubit.ro\/ro\/arhiva\/\">29 de edi\u021bii<\/a><\/strong> precedente, CINEMAIUBIT \u0219i-a consolidat statutul de platform\u0103 de lansare a tinerilor cinea\u0219ti rom\u00e2ni, un spa\u021biu unde publicul poate lua contact cu produc\u021biile studen\u021be\u0219ti \u0219i, deci cu viitorul filmului rom\u00e2nesc, un test absolut necesar \u00een formarea viitorilor profesioni\u0219ti \u00een domeniu.<\/h6>\n<h6>De-a lungul timpului, CINEMAIUBIT a premiat nume care au devenit rapid embleme ale Noului Cinema Rom\u00e2nesc (NRC): Cristian Mungiu, Corneliu Porumboiu, C\u0103t\u0103lin Mitulescu, C\u0103lin Peter Netzer, Dana Bunescu, Marius Panduru, C\u0103t\u0103lin Cristu\u021biu, Paul Negoescu, Adina Pintilie, Ivana Mladenovic, Tudor Cristian Jurgiu, Lucia Chico\u0219 etc.<\/h6>\n<h6>\u00cen timp, festivalul a devenit nu doar o garan\u021bie a calit\u0103\u021bii, ci \u0219i un eveniment consacrat \u00een peisajul cultural rom\u00e2nesc.<\/h6>\n<\/div><\/div><\/div><\/div><\/div><\/div><\/div><\/section>\n","protected":false},"excerpt":{"rendered":"ORGANIZATORI: UNIVERSITATEA NA\u021aIONAL\u0102 DE ART\u0102 TEATRAL\u0102 \u0218I CINEMATOGRAFIC\u0102 \u201cI.L.CARAGIALE\u201d BUCURE\u0218TIFUNDA\u021aIA CINEMAIUBIT CU SPRIJINUL CENTRULUI NA\u021aIONAL AL CINEMATOGRAFIEIUNIUNII CINEA\u0218TILOR DIN ROM\u00c2NIADACIN SARA PRE\u0218EDINTELE FUNDA\u021aIEI CINEMAIUBIT FONDATOR FESTIVAL Prof.univ. ELISABETA BOSTAN DIRECTOR FESTIVAL Prof.univ.dr. DORU NI\u021aESCU DIRECTOR COMPETI\u021aII Conf.univ.dr. MARIUS \u0218OPTEREAN DIRECTOR RELA\u021aII INTERNA\u021aIONALE Conf.univ.dr. C\u0102T\u0102LINA SIMION-C\u0102LIN Festivalul Interna\u021bional de Film Studen\u021besc CINEMAIUBIT a fost fondat \u00een...","protected":false},"author":1,"featured_media":0,"parent":0,"menu_order":0,"comment_status":"closed","ping_status":"closed","template":"","meta":{"footnotes":""},"class_list":["post-1187","page","type-page","status-publish","hentry"],"_links":{"self":[{"href":"https:\/\/www.cinemaiubit.ro\/ro\/wp-json\/wp\/v2\/pages\/1187","targetHints":{"allow":["GET"]}}],"collection":[{"href":"https:\/\/www.cinemaiubit.ro\/ro\/wp-json\/wp\/v2\/pages"}],"about":[{"href":"https:\/\/www.cinemaiubit.ro\/ro\/wp-json\/wp\/v2\/types\/page"}],"author":[{"embeddable":true,"href":"https:\/\/www.cinemaiubit.ro\/ro\/wp-json\/wp\/v2\/users\/1"}],"replies":[{"embeddable":true,"href":"https:\/\/www.cinemaiubit.ro\/ro\/wp-json\/wp\/v2\/comments?post=1187"}],"version-history":[{"count":2,"href":"https:\/\/www.cinemaiubit.ro\/ro\/wp-json\/wp\/v2\/pages\/1187\/revisions"}],"predecessor-version":[{"id":1189,"href":"https:\/\/www.cinemaiubit.ro\/ro\/wp-json\/wp\/v2\/pages\/1187\/revisions\/1189"}],"wp:attachment":[{"href":"https:\/\/www.cinemaiubit.ro\/ro\/wp-json\/wp\/v2\/media?parent=1187"}],"curies":[{"name":"wp","href":"https:\/\/api.w.org\/{rel}","templated":true}]}}