{"id":1127,"date":"2025-12-01T23:07:26","date_gmt":"2025-12-01T23:07:26","guid":{"rendered":"https:\/\/www.cinemaiubit.ro\/programul-festivalului\/fictiune-5\/"},"modified":"2025-12-04T17:57:26","modified_gmt":"2025-12-04T17:57:26","slug":"fictiune-5","status":"publish","type":"page","link":"https:\/\/www.cinemaiubit.ro\/ro\/programul-festivalului\/fictiune-5\/","title":{"rendered":"FIC\u021aIUNE 5"},"content":{"rendered":"<section class=\"l-section wpb_row height_small\"><div class=\"l-section-h i-cf\"><div class=\"g-cols vc_row via_flex valign_top type_default stacking_default\"><div class=\"vc_col-sm-12 wpb_column vc_column_container\"><div class=\"vc_column-inner\"><div class=\"wpb_wrapper\"><div class=\"wpb_text_column\"><div class=\"wpb_wrapper\"><h2 style=\"text-align: center;\">FIC\u021aIUNE 5<\/h2>\n<p style=\"text-align: center;\"><strong>11 decembrie 2025<\/strong><br \/>\n<strong>SALA CINEMA UNATC \u2013 07.00 PM \u2013 09.00 PM<\/strong><\/p>\n<\/div><\/div><\/div><\/div><\/div><\/div><\/div><\/section><section class=\"l-section wpb_row height_auto\"><div class=\"l-section-h i-cf\"><div class=\"g-cols vc_row via_flex valign_top type_default stacking_default\"><div class=\"vc_col-sm-4 wpb_column vc_column_container\"><div class=\"vc_column-inner\"><div class=\"wpb_wrapper\"><h5 class=\"w-text icon_atleft\"><span class=\"w-text-h\"><i class=\"fas fa-clock\"><\/i><span class=\"w-text-value\">Ora: 07:00 PM<\/span><\/span><\/h5><div class=\"w-image align_none\"><a ref=\"magnificPopup\" href=\"https:\/\/www.cinemaiubit.ro\/wp-content\/uploads\/2025\/12\/After-the-Silence_web.jpg\" aria-label=\"After the Silence_web\" class=\"w-image-h\"><img decoding=\"async\" width=\"1024\" height=\"631\" src=\"https:\/\/www.cinemaiubit.ro\/wp-content\/uploads\/2025\/12\/After-the-Silence_web-1024x631.jpg\" class=\"attachment-large size-large\" alt=\"\" loading=\"lazy\" srcset=\"https:\/\/www.cinemaiubit.ro\/wp-content\/uploads\/2025\/12\/After-the-Silence_web-1024x631.jpg 1024w, https:\/\/www.cinemaiubit.ro\/wp-content\/uploads\/2025\/12\/After-the-Silence_web-300x185.jpg 300w, https:\/\/www.cinemaiubit.ro\/wp-content\/uploads\/2025\/12\/After-the-Silence_web.jpg 1654w\" sizes=\"auto, (max-width: 1024px) 100vw, 1024px\" \/><\/a><\/div><\/div><\/div><\/div><div class=\"vc_col-sm-8 wpb_column vc_column_container\"><div class=\"vc_column-inner\"><div class=\"wpb_wrapper\"><div class=\"wpb_text_column\"><div class=\"wpb_wrapper\"><h5>Apr\u00e8s le silence<br \/>\nFic\u021biune<br \/>\n6 min, 2025 &#8211; Canada, INIS<\/h5>\n<p>Regie: Jean-Fran\u00e7ois Cameron<br \/>\nScenariu: Saul Delgado<br \/>\nImagine: Benoit Jones-Vall\u00e9e<br \/>\nMontaj: Arthur Tarnowski<br \/>\nSunet: Jean Asselin, Stephany Tremblay<br \/>\nProduc\u0103tor: Emmy Landre<br \/>\nDistribu\u021bie: Audrey Roger, Isabelle Vincent<\/p>\n<p>Sinopsis: Isabelle, o mam\u0103 singur\u0103, descoper\u0103 \u00een apartamentul s\u0103u trupul ne\u00eensufle\u021bit al propriului fiu. Lupt\u00e2ndu-se cu durerea \u0219i confuzia, o caut\u0103 pe Naomi, fosta lui partener\u0103, \u00een c\u0103utare de r\u0103spunsuri. Percep\u021bia ei asupra adev\u0103rului va fi pus\u0103 la \u00eencercare \u00een cur\u00e2nd.<\/p>\n<\/div><\/div><div class=\"w-separator size_small with_line width_50 thick_2 style_dotted color_text align_center\"><div class=\"w-separator-h\"><\/div><\/div><\/div><\/div><\/div><\/div><\/div><\/section><section class=\"l-section wpb_row height_auto\"><div class=\"l-section-h i-cf\"><div class=\"g-cols vc_row via_flex valign_top type_default stacking_default\"><div class=\"vc_col-sm-4 wpb_column vc_column_container\"><div class=\"vc_column-inner\"><div class=\"wpb_wrapper\"><h5 class=\"w-text icon_atleft\"><span class=\"w-text-h\"><i class=\"fas fa-clock\"><\/i><span class=\"w-text-value\">Ora: 07:06 PM<\/span><\/span><\/h5><div class=\"w-image align_none\"><a ref=\"magnificPopup\" href=\"https:\/\/www.cinemaiubit.ro\/wp-content\/uploads\/2025\/12\/Anestezic_web.jpg\" aria-label=\"Anestezic_web\" class=\"w-image-h\"><img decoding=\"async\" width=\"1024\" height=\"631\" src=\"https:\/\/www.cinemaiubit.ro\/wp-content\/uploads\/2025\/12\/Anestezic_web-1024x631.jpg\" class=\"attachment-large size-large\" alt=\"\" loading=\"lazy\" srcset=\"https:\/\/www.cinemaiubit.ro\/wp-content\/uploads\/2025\/12\/Anestezic_web-1024x631.jpg 1024w, https:\/\/www.cinemaiubit.ro\/wp-content\/uploads\/2025\/12\/Anestezic_web-300x185.jpg 300w, https:\/\/www.cinemaiubit.ro\/wp-content\/uploads\/2025\/12\/Anestezic_web.jpg 1654w\" sizes=\"auto, (max-width: 1024px) 100vw, 1024px\" \/><\/a><\/div><\/div><\/div><\/div><div class=\"vc_col-sm-8 wpb_column vc_column_container\"><div class=\"vc_column-inner\"><div class=\"wpb_wrapper\"><div class=\"wpb_text_column\"><div class=\"wpb_wrapper\"><h5>Anestezic<br \/>\nFic\u021biune<br \/>\n20 min, 2024 &#8211; Romania, UNATC<\/h5>\n<p>Regie: Daiana St\u0103nu\u0219oiu<br \/>\nScenariu: Ana Savonea &amp; Daiana St\u0103nu\u0219oiu<br \/>\nImagine: Iustina Dr\u0103ghici<br \/>\nMontaj: Mara Oglakci<br \/>\nSunet: Mara Oglakci<br \/>\nProduc\u0103tor: Bianca Roiu<br \/>\nDistribu\u021bie: Florentina N\u0103stase, Ilinca Manolache, Alexandra S\u0103lceanu, Diana Cavallioti<\/p>\n<p>Sinopsis: Renata \u0219i Carina sunt \u00eentr-o rela\u021bie. Carina se simte r\u0103u, iar Renata, ginecolog, b\u0103nuie\u0219te o sarcin\u0103, pe care o confirm\u0103 printr-un control. Carina \u00eei cere ajutorul pentru a o \u00eentrerupe.<\/p>\n<\/div><\/div><div class=\"w-separator size_small with_line width_50 thick_2 style_dotted color_text align_center\"><div class=\"w-separator-h\"><\/div><\/div><\/div><\/div><\/div><\/div><\/div><\/section><section class=\"l-section wpb_row height_auto\"><div class=\"l-section-h i-cf\"><div class=\"g-cols vc_row via_flex valign_top type_default stacking_default\"><div class=\"vc_col-sm-4 wpb_column vc_column_container\"><div class=\"vc_column-inner\"><div class=\"wpb_wrapper\"><h5 class=\"w-text icon_atleft\"><span class=\"w-text-h\"><i class=\"fas fa-clock\"><\/i><span class=\"w-text-value\">Ora: 07:26 PM<\/span><\/span><\/h5><div class=\"w-image align_none\"><a ref=\"magnificPopup\" href=\"https:\/\/www.cinemaiubit.ro\/wp-content\/uploads\/2025\/12\/Bones_web.jpg\" aria-label=\"Bones_web\" class=\"w-image-h\"><img decoding=\"async\" width=\"1024\" height=\"631\" src=\"https:\/\/www.cinemaiubit.ro\/wp-content\/uploads\/2025\/12\/Bones_web-1024x631.jpg\" class=\"attachment-large size-large\" alt=\"\" loading=\"lazy\" srcset=\"https:\/\/www.cinemaiubit.ro\/wp-content\/uploads\/2025\/12\/Bones_web-1024x631.jpg 1024w, https:\/\/www.cinemaiubit.ro\/wp-content\/uploads\/2025\/12\/Bones_web-300x185.jpg 300w, https:\/\/www.cinemaiubit.ro\/wp-content\/uploads\/2025\/12\/Bones_web.jpg 1654w\" sizes=\"auto, (max-width: 1024px) 100vw, 1024px\" \/><\/a><\/div><\/div><\/div><\/div><div class=\"vc_col-sm-8 wpb_column vc_column_container\"><div class=\"vc_column-inner\"><div class=\"wpb_wrapper\"><div class=\"wpb_text_column\"><div class=\"wpb_wrapper\"><h5>Huesos<br \/>\nFic\u021biune<br \/>\n14 min, 2025 &#8211; Spania, ECAM<\/h5>\n<p>Regie: Luis Paredes<br \/>\nScenariu: Miguel Mayorga, Felipe Calvo Larrain<br \/>\nImagine: Oscar Castillo<br \/>\nMontaj: Debora Vargas, Germ\u00e1n Ciria Hern\u00e1ndez<br \/>\nSunet: Irene Botella<br \/>\nProduc\u0103tor: Jiniris Correa Rodriguez, Tatiana Martinez Lizama<br \/>\nDistribu\u021bie: Consuelo Trujillo, Chema Adeva<\/p>\n<p>Sinopsis: Dup\u0103 ce descoper\u0103 oase umane \u00eentr-un sit arheologic, Adela \u0219i Javier, un cuplu de arheologi cu mul\u021bi ani de experien\u021b\u0103, \u00eencep s\u0103 se confrunte cu primele semne de demen\u021b\u0103 pe care le arat\u0103 Javier.<\/p>\n<\/div><\/div><div class=\"w-separator size_small with_line width_50 thick_2 style_dotted color_text align_center\"><div class=\"w-separator-h\"><\/div><\/div><\/div><\/div><\/div><\/div><\/div><\/section><section class=\"l-section wpb_row height_auto\"><div class=\"l-section-h i-cf\"><div class=\"g-cols vc_row via_flex valign_top type_default stacking_default\"><div class=\"vc_col-sm-4 wpb_column vc_column_container\"><div class=\"vc_column-inner\"><div class=\"wpb_wrapper\"><h5 class=\"w-text icon_atleft\"><span class=\"w-text-h\"><i class=\"fas fa-clock\"><\/i><span class=\"w-text-value\">Ora: 07:40 PM<\/span><\/span><\/h5><div class=\"w-image align_none\"><a ref=\"magnificPopup\" href=\"https:\/\/www.cinemaiubit.ro\/wp-content\/uploads\/2025\/12\/The-Perfect-Family_web.jpg\" aria-label=\"The Perfect Family_web\" class=\"w-image-h\"><img decoding=\"async\" width=\"1024\" height=\"631\" src=\"https:\/\/www.cinemaiubit.ro\/wp-content\/uploads\/2025\/12\/The-Perfect-Family_web-1024x631.jpg\" class=\"attachment-large size-large\" alt=\"\" loading=\"lazy\" srcset=\"https:\/\/www.cinemaiubit.ro\/wp-content\/uploads\/2025\/12\/The-Perfect-Family_web-1024x631.jpg 1024w, https:\/\/www.cinemaiubit.ro\/wp-content\/uploads\/2025\/12\/The-Perfect-Family_web-300x185.jpg 300w, https:\/\/www.cinemaiubit.ro\/wp-content\/uploads\/2025\/12\/The-Perfect-Family_web.jpg 1654w\" sizes=\"auto, (max-width: 1024px) 100vw, 1024px\" \/><\/a><\/div><\/div><\/div><\/div><div class=\"vc_col-sm-8 wpb_column vc_column_container\"><div class=\"vc_column-inner\"><div class=\"wpb_wrapper\"><div class=\"wpb_text_column\"><div class=\"wpb_wrapper\"><h5>The Perfect Family<br \/>\nFic\u021biune<br \/>\n12 min, 2025 &#8211; Cehia, FAMU<\/h5>\n<p>Regie: Alexandru Oi\u021b\u0103<br \/>\nScenariu: Oyku Aydin, Alexandru Oi\u021b\u0103<br \/>\nImagine: Mateo Sanchez Estrada<br \/>\nMontaj: George Rare\u0219 Marinoiu<br \/>\nSunet: George Rare\u0219 Marinoiu<br \/>\nProduc\u0103tor: Klara Sodomkova<br \/>\nDistribu\u021bie: Jamie Marshall, Jakub Koudela, Elina Timashevkaia<\/p>\n<p>Sinopsis: \u00cen Ajunul Cr\u0103ciunului, Mila (20 de ani) \u0219i Tomas (30 de ani) se \u00eent\u00e2lnesc s\u0103-\u0219i viziteze tat\u0103l \u00eenstr\u0103inat, Jan (60 de ani). Tomas nu vrea cu adev\u0103rat s\u0103-l vad\u0103, dar accept\u0103 cu reticen\u021b\u0103, fiindc\u0103 are nevoie disperat\u0103 de banii lui, \u00een timp ce Milei \u00eei pare r\u0103u pentru Jan, care locuie\u0219te singur.<\/p>\n<\/div><\/div><div class=\"w-separator size_small with_line width_50 thick_2 style_dotted color_text align_center\"><div class=\"w-separator-h\"><\/div><\/div><\/div><\/div><\/div><\/div><\/div><\/section><section class=\"l-section wpb_row height_auto\"><div class=\"l-section-h i-cf\"><div class=\"g-cols vc_row via_flex valign_top type_default stacking_default\"><div class=\"vc_col-sm-4 wpb_column vc_column_container\"><div class=\"vc_column-inner\"><div class=\"wpb_wrapper\"><h5 class=\"w-text icon_atleft\"><span class=\"w-text-h\"><i class=\"fas fa-clock\"><\/i><span class=\"w-text-value\">Ora: 07:52 PM<\/span><\/span><\/h5><div class=\"w-image align_none\"><a ref=\"magnificPopup\" href=\"https:\/\/www.cinemaiubit.ro\/wp-content\/uploads\/2025\/12\/My-Heaven-and-Your-Hell_web.jpg\" aria-label=\"My Heaven and Your Hell_web\" class=\"w-image-h\"><img decoding=\"async\" width=\"1024\" height=\"631\" src=\"https:\/\/www.cinemaiubit.ro\/wp-content\/uploads\/2025\/12\/My-Heaven-and-Your-Hell_web-1024x631.jpg\" class=\"attachment-large size-large\" alt=\"\" loading=\"lazy\" srcset=\"https:\/\/www.cinemaiubit.ro\/wp-content\/uploads\/2025\/12\/My-Heaven-and-Your-Hell_web-1024x631.jpg 1024w, https:\/\/www.cinemaiubit.ro\/wp-content\/uploads\/2025\/12\/My-Heaven-and-Your-Hell_web-300x185.jpg 300w, https:\/\/www.cinemaiubit.ro\/wp-content\/uploads\/2025\/12\/My-Heaven-and-Your-Hell_web.jpg 1654w\" sizes=\"auto, (max-width: 1024px) 100vw, 1024px\" \/><\/a><\/div><\/div><\/div><\/div><div class=\"vc_col-sm-8 wpb_column vc_column_container\"><div class=\"vc_column-inner\"><div class=\"wpb_wrapper\"><div class=\"wpb_text_column\"><div class=\"wpb_wrapper\"><h5>Meu C\u00e9u E O Seu Inferno<br \/>\nFic\u021biune<br \/>\n14 min, 2025 &#8211; Brazilia, University of S\u00e3o Paulo<\/h5>\n<p>Regie: Yago Matheus<br \/>\nScenariu: Yago Matheus<br \/>\nImagine: Marcela Nogueira, Gabriel Forgerini<br \/>\nMontaj: Yago Matheus<br \/>\nSunet: Ang\u00e9lica Peixoto<br \/>\nProduc\u0103tor: Victor Stoll<br \/>\nDistribu\u021bie: Rodrigo Pintto, Laura Luf\u00e9si, Fernanda Bessa, Luiz F\u00e1bio Torres<\/p>\n<p>Sinopsis: Profund zdruncinat de moartea fiicei sale, Teodoro viseaz\u0103 o r\u0103zbunare psihedelic\u0103.<\/p>\n<\/div><\/div><div class=\"w-separator size_small with_line width_50 thick_2 style_dotted color_text align_center\"><div class=\"w-separator-h\"><\/div><\/div><\/div><\/div><\/div><\/div><\/div><\/section><section class=\"l-section wpb_row height_auto\"><div class=\"l-section-h i-cf\"><div class=\"g-cols vc_row via_flex valign_top type_default stacking_default\"><div class=\"vc_col-sm-4 wpb_column vc_column_container\"><div class=\"vc_column-inner\"><div class=\"wpb_wrapper\"><h5 class=\"w-text icon_atleft\"><span class=\"w-text-h\"><i class=\"fas fa-clock\"><\/i><span class=\"w-text-value\">Ora: 08:06 PM<\/span><\/span><\/h5><div class=\"w-image align_none\"><a ref=\"magnificPopup\" href=\"https:\/\/www.cinemaiubit.ro\/wp-content\/uploads\/2025\/12\/Intre-maci_web.jpg\" aria-label=\"Intre maci_web\" class=\"w-image-h\"><img decoding=\"async\" width=\"1024\" height=\"631\" src=\"https:\/\/www.cinemaiubit.ro\/wp-content\/uploads\/2025\/12\/Intre-maci_web-1024x631.jpg\" class=\"attachment-large size-large\" alt=\"\" loading=\"lazy\" srcset=\"https:\/\/www.cinemaiubit.ro\/wp-content\/uploads\/2025\/12\/Intre-maci_web-1024x631.jpg 1024w, https:\/\/www.cinemaiubit.ro\/wp-content\/uploads\/2025\/12\/Intre-maci_web-300x185.jpg 300w, https:\/\/www.cinemaiubit.ro\/wp-content\/uploads\/2025\/12\/Intre-maci_web.jpg 1654w\" sizes=\"auto, (max-width: 1024px) 100vw, 1024px\" \/><\/a><\/div><\/div><\/div><\/div><div class=\"vc_col-sm-8 wpb_column vc_column_container\"><div class=\"vc_column-inner\"><div class=\"wpb_wrapper\"><div class=\"wpb_text_column\"><div class=\"wpb_wrapper\"><h5>\u00centre Maci<br \/>\nFic\u021biune<br \/>\n17 min, 2023 &#8211; Romania, UNATC<\/h5>\n<p>Regie: Andreea Tcaciuc<br \/>\nScenariu: Andreea Tcaciuc, Adelina Munteanu<br \/>\nImagine: Constantin Bo\u021bea<br \/>\nMontaj: Sebastian Cre\u021bu<br \/>\nSunet: \u0218tefan Buculeasa<br \/>\nProduc\u0103tor: Andreea Tcaciuc<br \/>\nDistribu\u021bie: Anca Munteanu, Adina Cristescu, Andreea Moustache, Leea Moustache, Ioana Brumar, Irina Arteni, Victoria Ecaterina Moraru, Ruxandra Marinescu<\/p>\n<p>Sinopsis: \u00centr-o m\u0103n\u0103stire izolat\u0103, rutina maicilor este zdruncinat\u0103 de r\u0103zbunarea unei s\u0103tence. Toate sentimentele lor reprimate de via\u021ba monahala ies la iveal\u0103 violent, dezv\u0103luindu-le personalit\u0103\u021bile adev\u0103rate \u0219i g\u00e2ndurile de care \u00eencercau s\u0103 scape.<\/p>\n<\/div><\/div><div class=\"w-separator size_small with_line width_50 thick_2 style_dotted color_text align_center\"><div class=\"w-separator-h\"><\/div><\/div><\/div><\/div><\/div><\/div><\/div><\/section><section class=\"l-section wpb_row height_auto\"><div class=\"l-section-h i-cf\"><div class=\"g-cols vc_row via_flex valign_top type_default stacking_default\"><div class=\"vc_col-sm-4 wpb_column vc_column_container\"><div class=\"vc_column-inner\"><div class=\"wpb_wrapper\"><h5 class=\"w-text icon_atleft\"><span class=\"w-text-h\"><i class=\"fas fa-clock\"><\/i><span class=\"w-text-value\">Ora: 08:23 PM<\/span><\/span><\/h5><div class=\"w-image align_none\"><a ref=\"magnificPopup\" href=\"https:\/\/www.cinemaiubit.ro\/wp-content\/uploads\/2025\/12\/Atunci-cand-suntem-impreuna_web.jpg\" aria-label=\"Atunci cand suntem impreuna_web\" class=\"w-image-h\"><img decoding=\"async\" width=\"1024\" height=\"631\" src=\"https:\/\/www.cinemaiubit.ro\/wp-content\/uploads\/2025\/12\/Atunci-cand-suntem-impreuna_web-1024x631.jpg\" class=\"attachment-large size-large\" alt=\"\" loading=\"lazy\" srcset=\"https:\/\/www.cinemaiubit.ro\/wp-content\/uploads\/2025\/12\/Atunci-cand-suntem-impreuna_web-1024x631.jpg 1024w, https:\/\/www.cinemaiubit.ro\/wp-content\/uploads\/2025\/12\/Atunci-cand-suntem-impreuna_web-300x185.jpg 300w, https:\/\/www.cinemaiubit.ro\/wp-content\/uploads\/2025\/12\/Atunci-cand-suntem-impreuna_web.jpg 1654w\" sizes=\"auto, (max-width: 1024px) 100vw, 1024px\" \/><\/a><\/div><\/div><\/div><\/div><div class=\"vc_col-sm-8 wpb_column vc_column_container\"><div class=\"vc_column-inner\"><div class=\"wpb_wrapper\"><div class=\"wpb_text_column\"><div class=\"wpb_wrapper\"><h5>Atunci c\u00e2nd suntem \u00eempreun\u0103<br \/>\nFic\u021biune<br \/>\n17 min, 2025 &#8211; Romania, UNATC<\/h5>\n<p>Regie: Alexia Dr\u0103gan<br \/>\nScenariu: Elena C\u0103linoiu &amp; Alexia Dr\u0103gan<br \/>\nImagine: Valentin Florin Luscan<br \/>\nMontaj: Rare\u0219 Savu<br \/>\nSunet: Cezar Lixeanu<br \/>\nProduc\u0103tor: Antonia Marin<br \/>\nDistribu\u021bie: Voica Oltean, Damian Oancea, Ilinca H\u0103rnu\u021b, M\u0103d\u0103lina Ciotea<\/p>\n<p>Sinopsis: \u00cen noaptea \u00een care \u00eempline\u0219te 21 de ani, Ada are o reac\u021bie alergic\u0103 nea\u0219teptat\u0103, care scoate la iveal\u0103 problemele nerezolvate pe care le are cu p\u0103rin\u021bii s\u0103i.<\/p>\n<\/div><\/div><div class=\"w-separator size_small with_line width_50 thick_2 style_dotted color_text align_center\"><div class=\"w-separator-h\"><\/div><\/div><\/div><\/div><\/div><\/div><\/div><\/section>\n","protected":false},"excerpt":{"rendered":"FIC\u021aIUNE 5 11 decembrie 2025 SALA CINEMA UNATC \u2013 07.00 PM \u2013 09.00 PM Ora: 07:00 PMApr\u00e8s le silence Fic\u021biune 6 min, 2025 &#8211; Canada, INIS Regie: Jean-Fran\u00e7ois Cameron Scenariu: Saul Delgado Imagine: Benoit Jones-Vall\u00e9e Montaj: Arthur Tarnowski Sunet: Jean Asselin, Stephany Tremblay Produc\u0103tor: Emmy Landre Distribu\u021bie: Audrey Roger, Isabelle Vincent Sinopsis: Isabelle, o mam\u0103...","protected":false},"author":1,"featured_media":0,"parent":38,"menu_order":0,"comment_status":"closed","ping_status":"closed","template":"","meta":{"footnotes":""},"class_list":["post-1127","page","type-page","status-publish","hentry"],"_links":{"self":[{"href":"https:\/\/www.cinemaiubit.ro\/ro\/wp-json\/wp\/v2\/pages\/1127","targetHints":{"allow":["GET"]}}],"collection":[{"href":"https:\/\/www.cinemaiubit.ro\/ro\/wp-json\/wp\/v2\/pages"}],"about":[{"href":"https:\/\/www.cinemaiubit.ro\/ro\/wp-json\/wp\/v2\/types\/page"}],"author":[{"embeddable":true,"href":"https:\/\/www.cinemaiubit.ro\/ro\/wp-json\/wp\/v2\/users\/1"}],"replies":[{"embeddable":true,"href":"https:\/\/www.cinemaiubit.ro\/ro\/wp-json\/wp\/v2\/comments?post=1127"}],"version-history":[{"count":2,"href":"https:\/\/www.cinemaiubit.ro\/ro\/wp-json\/wp\/v2\/pages\/1127\/revisions"}],"predecessor-version":[{"id":1136,"href":"https:\/\/www.cinemaiubit.ro\/ro\/wp-json\/wp\/v2\/pages\/1127\/revisions\/1136"}],"up":[{"embeddable":true,"href":"https:\/\/www.cinemaiubit.ro\/ro\/wp-json\/wp\/v2\/pages\/38"}],"wp:attachment":[{"href":"https:\/\/www.cinemaiubit.ro\/ro\/wp-json\/wp\/v2\/media?parent=1127"}],"curies":[{"name":"wp","href":"https:\/\/api.w.org\/{rel}","templated":true}]}}