{"id":1082,"date":"2025-12-02T22:34:56","date_gmt":"2025-12-02T22:34:56","guid":{"rendered":"https:\/\/www.cinemaiubit.ro\/programul-festivalului\/future-perspectives-3\/"},"modified":"2025-12-04T16:58:29","modified_gmt":"2025-12-04T16:58:29","slug":"future-perspectives-3","status":"publish","type":"page","link":"https:\/\/www.cinemaiubit.ro\/ro\/programul-festivalului\/future-perspectives-3\/","title":{"rendered":"FUTURE PERSPECTIVES 3"},"content":{"rendered":"<section class=\"l-section wpb_row height_small\"><div class=\"l-section-h i-cf\"><div class=\"g-cols vc_row via_flex valign_top type_default stacking_default\"><div class=\"vc_col-sm-12 wpb_column vc_column_container\"><div class=\"vc_column-inner\"><div class=\"wpb_wrapper\"><div class=\"wpb_text_column\"><div class=\"wpb_wrapper\"><h2 style=\"text-align: center;\">FUTURE PERSPECTIVES 3<\/h2>\n<p style=\"text-align: center;\"><strong>12 decembrie 2025<\/strong><br \/>\n<strong>SALA CINEMA UNATC \u2013 10.00 PM<\/strong><\/p>\n<\/div><\/div><\/div><\/div><\/div><\/div><\/div><\/section><section class=\"l-section wpb_row height_auto\"><div class=\"l-section-h i-cf\"><div class=\"g-cols vc_row via_flex valign_top type_default stacking_default\"><div class=\"vc_col-sm-4 wpb_column vc_column_container\"><div class=\"vc_column-inner\"><div class=\"wpb_wrapper\"><h5 class=\"w-text icon_atleft\"><span class=\"w-text-h\"><i class=\"fas fa-clock\"><\/i><span class=\"w-text-value\">Ora: 10:00 PM<\/span><\/span><\/h5><div class=\"w-image align_none\"><a ref=\"magnificPopup\" href=\"https:\/\/www.cinemaiubit.ro\/wp-content\/uploads\/2025\/12\/Luati-ma\u0306-i\u0302napoi_web.jpg\" aria-label=\"Luati-ma\u0306 i\u0302napoi_web\" class=\"w-image-h\"><img decoding=\"async\" width=\"1024\" height=\"631\" src=\"https:\/\/www.cinemaiubit.ro\/wp-content\/uploads\/2025\/12\/Luati-ma\u0306-i\u0302napoi_web-1024x631.jpg\" class=\"attachment-large size-large\" alt=\"\" loading=\"lazy\" srcset=\"https:\/\/www.cinemaiubit.ro\/wp-content\/uploads\/2025\/12\/Luati-ma\u0306-i\u0302napoi_web-1024x631.jpg 1024w, https:\/\/www.cinemaiubit.ro\/wp-content\/uploads\/2025\/12\/Luati-ma\u0306-i\u0302napoi_web-300x185.jpg 300w, https:\/\/www.cinemaiubit.ro\/wp-content\/uploads\/2025\/12\/Luati-ma\u0306-i\u0302napoi_web.jpg 1654w\" sizes=\"auto, (max-width: 1024px) 100vw, 1024px\" \/><\/a><\/div><\/div><\/div><\/div><div class=\"vc_col-sm-8 wpb_column vc_column_container\"><div class=\"vc_column-inner\"><div class=\"wpb_wrapper\"><div class=\"wpb_text_column\"><div class=\"wpb_wrapper\"><h5>Lua\u021bi-m\u0103 \u00eenapoi<br \/>\nUNATC Future Perspectives 3<br \/>\n10 min, 2024 &#8211; Romania, UNATC<\/h5>\n<p>Regie: Luca B\u0103descu<br \/>\nScenariu: Luca B\u0103descu<br \/>\nimagine: David Berlo<br \/>\nMontaj: Iustin Bauer<br \/>\nSunet: Iustin Bauer<br \/>\nProduc\u0103tor: UNATC<br \/>\nDistribu\u021bie: Luca B\u0103descu, Andrei Verman, Andrei Stanciu, Denisa Vraja, Drago\u0219 S\u0103r\u0103\u021beanu, Iustin Bauer, Theodor Andrei, Daryus Dogaru<\/p>\n<p>Sinopsis : Un extraterestru neexperimentat este trimis pe P\u0103m\u00e2nt pentru a \u00eendeplini o misiune misterioas\u0103.<\/p>\n<\/div><\/div><div class=\"w-separator size_small with_line width_50 thick_2 style_dotted color_text align_center\"><div class=\"w-separator-h\"><\/div><\/div><\/div><\/div><\/div><\/div><\/div><\/section><section class=\"l-section wpb_row height_auto\"><div class=\"l-section-h i-cf\"><div class=\"g-cols vc_row via_flex valign_top type_default stacking_default\"><div class=\"vc_col-sm-4 wpb_column vc_column_container\"><div class=\"vc_column-inner\"><div class=\"wpb_wrapper\"><h5 class=\"w-text icon_atleft\"><span class=\"w-text-h\"><i class=\"fas fa-clock\"><\/i><span class=\"w-text-value\">Ora: 10:10 PM<\/span><\/span><\/h5><div class=\"w-image align_none\"><a ref=\"magnificPopup\" href=\"https:\/\/www.cinemaiubit.ro\/wp-content\/uploads\/2025\/12\/A17_web.jpg\" aria-label=\"A(17)_web\" class=\"w-image-h\"><img decoding=\"async\" width=\"1024\" height=\"631\" src=\"https:\/\/www.cinemaiubit.ro\/wp-content\/uploads\/2025\/12\/A17_web-1024x631.jpg\" class=\"attachment-large size-large\" alt=\"\" loading=\"lazy\" srcset=\"https:\/\/www.cinemaiubit.ro\/wp-content\/uploads\/2025\/12\/A17_web-1024x631.jpg 1024w, https:\/\/www.cinemaiubit.ro\/wp-content\/uploads\/2025\/12\/A17_web-300x185.jpg 300w, https:\/\/www.cinemaiubit.ro\/wp-content\/uploads\/2025\/12\/A17_web.jpg 1654w\" sizes=\"auto, (max-width: 1024px) 100vw, 1024px\" \/><\/a><\/div><\/div><\/div><\/div><div class=\"vc_col-sm-8 wpb_column vc_column_container\"><div class=\"vc_column-inner\"><div class=\"wpb_wrapper\"><div class=\"wpb_text_column\"><div class=\"wpb_wrapper\"><h5>A(17)<br \/>\nUNATC Future Perspectives 3<br \/>\n8 min, 2025 &#8211; Romania, UNATC<\/h5>\n<p>Regie: Alina Berzun\u0163eanu<br \/>\nScenariu: Alina Berzun\u0163eanu<br \/>\nImagine: Sabin Mihai Popa<br \/>\nMontaj: Alexia \u0162iric\u0103<br \/>\nSunet: Alexia \u0162iric\u0103<br \/>\nProduc\u0103tor: UNATC<br \/>\nDistribu\u021bie: Denisa Vraja, Alina Berzun\u0163eanu, Richard Bovnoczki<\/p>\n<p>Sinopsis : Reamintindu-\u0219i experien\u021be traumatizante din copil\u0103rie \u0219i adolescen\u021b\u0103, o femeie de 50 de ani \u00eencearc\u0103 s\u0103 se reg\u0103seasc\u0103, s\u0103 se reconstruiasc\u0103 \u0219i s\u0103 se contopeasc\u0103 cu sine \u00eens\u0103\u0219i la 17 ani. Acea femeie sunt eu. Filmul prezint\u0103 un autoportret de 10 minute. Am decis s\u0103 vorbesc despre anxietatea \u0219i teama de a spune \u201eNU\u201d, despre momentul \u00een care aceast\u0103 team\u0103 s-a a\u0219ezat \u00een mine cu toat\u0103 puterea ei \u0219i despre neputin\u021ba mea de a lupta \u00eempotriva ei.<\/p>\n<\/div><\/div><div class=\"w-separator size_small with_line width_50 thick_2 style_dotted color_text align_center\"><div class=\"w-separator-h\"><\/div><\/div><\/div><\/div><\/div><\/div><\/div><\/section><section class=\"l-section wpb_row height_auto\"><div class=\"l-section-h i-cf\"><div class=\"g-cols vc_row via_flex valign_top type_default stacking_default\"><div class=\"vc_col-sm-4 wpb_column vc_column_container\"><div class=\"vc_column-inner\"><div class=\"wpb_wrapper\"><h5 class=\"w-text icon_atleft\"><span class=\"w-text-h\"><i class=\"fas fa-clock\"><\/i><span class=\"w-text-value\">Ora: 10:18 PM<\/span><\/span><\/h5><div class=\"w-image align_none\"><a ref=\"magnificPopup\" href=\"https:\/\/www.cinemaiubit.ro\/wp-content\/uploads\/2025\/12\/Scuze-pentru-muze_web.jpg\" aria-label=\"Scuze pentru muze_web\" class=\"w-image-h\"><img decoding=\"async\" width=\"1024\" height=\"631\" src=\"https:\/\/www.cinemaiubit.ro\/wp-content\/uploads\/2025\/12\/Scuze-pentru-muze_web-1024x631.jpg\" class=\"attachment-large size-large\" alt=\"\" loading=\"lazy\" srcset=\"https:\/\/www.cinemaiubit.ro\/wp-content\/uploads\/2025\/12\/Scuze-pentru-muze_web-1024x631.jpg 1024w, https:\/\/www.cinemaiubit.ro\/wp-content\/uploads\/2025\/12\/Scuze-pentru-muze_web-300x185.jpg 300w, https:\/\/www.cinemaiubit.ro\/wp-content\/uploads\/2025\/12\/Scuze-pentru-muze_web.jpg 1654w\" sizes=\"auto, (max-width: 1024px) 100vw, 1024px\" \/><\/a><\/div><\/div><\/div><\/div><div class=\"vc_col-sm-8 wpb_column vc_column_container\"><div class=\"vc_column-inner\"><div class=\"wpb_wrapper\"><div class=\"wpb_text_column\"><div class=\"wpb_wrapper\"><h5>Scuze pentru muze<br \/>\nUNATC Future Perspectives 3<br \/>\n4 min, 2025 &#8211; Romania, UNATC<\/h5>\n<p>Regie: Andrei Antonescu<br \/>\nScenariu: Andrei Antonescu<br \/>\nImagine: Alex Popescu<br \/>\nMontaj: Octavian Nistor<br \/>\nSunet: Octavian Nistor<br \/>\nProduc\u0103tor: Andrei Antonescu<br \/>\nDistribu\u021bie: Andrei Paraschiv, Ilinca Ciocan, Daria Russo, Izabella Bischofberger<\/p>\n<p>Sinopsis : Liviu, un intern de 21 de ani, \u00eencearc\u0103 s\u0103 aib\u0103 o rela\u021bie romantic\u0103 cu mai multe fete (Carmen, Victoria, M\u0103d\u0103lina), dar e\u0219ueaz\u0103 lamentabil \u00een toate \u00eencerc\u0103rile, ajung\u00e2nd s\u0103 se sinucid\u0103.<\/p>\n<\/div><\/div><div class=\"w-separator size_small with_line width_50 thick_2 style_dotted color_text align_center\"><div class=\"w-separator-h\"><\/div><\/div><\/div><\/div><\/div><\/div><\/div><\/section><section class=\"l-section wpb_row height_auto\"><div class=\"l-section-h i-cf\"><div class=\"g-cols vc_row via_flex valign_top type_default stacking_default\"><div class=\"vc_col-sm-4 wpb_column vc_column_container\"><div class=\"vc_column-inner\"><div class=\"wpb_wrapper\"><h5 class=\"w-text icon_atleft\"><span class=\"w-text-h\"><i class=\"fas fa-clock\"><\/i><span class=\"w-text-value\">Ora: 10:22 PM<\/span><\/span><\/h5><div class=\"w-image align_none\"><a ref=\"magnificPopup\" href=\"https:\/\/www.cinemaiubit.ro\/wp-content\/uploads\/2025\/12\/Nu-mi-ara\u0306ta-pomul-arata\u0306-mi-fructele_web.jpg\" aria-label=\"Nu-mi ara\u0306ta pomul, arata\u0306-mi fructele_web\" class=\"w-image-h\"><img decoding=\"async\" width=\"1024\" height=\"631\" src=\"https:\/\/www.cinemaiubit.ro\/wp-content\/uploads\/2025\/12\/Nu-mi-ara\u0306ta-pomul-arata\u0306-mi-fructele_web-1024x631.jpg\" class=\"attachment-large size-large\" alt=\"\" loading=\"lazy\" srcset=\"https:\/\/www.cinemaiubit.ro\/wp-content\/uploads\/2025\/12\/Nu-mi-ara\u0306ta-pomul-arata\u0306-mi-fructele_web-1024x631.jpg 1024w, https:\/\/www.cinemaiubit.ro\/wp-content\/uploads\/2025\/12\/Nu-mi-ara\u0306ta-pomul-arata\u0306-mi-fructele_web-300x185.jpg 300w, https:\/\/www.cinemaiubit.ro\/wp-content\/uploads\/2025\/12\/Nu-mi-ara\u0306ta-pomul-arata\u0306-mi-fructele_web.jpg 1654w\" sizes=\"auto, (max-width: 1024px) 100vw, 1024px\" \/><\/a><\/div><\/div><\/div><\/div><div class=\"vc_col-sm-8 wpb_column vc_column_container\"><div class=\"vc_column-inner\"><div class=\"wpb_wrapper\"><div class=\"wpb_text_column\"><div class=\"wpb_wrapper\"><h5>Nu-mi ar\u0103ta pomul, arat\u0103-mi fructele<br \/>\nUNATC Future Perspectives 3<br \/>\n8 min, 2025 &#8211; Romania, UBB<\/h5>\n<p>Regie: Matei Filip<br \/>\nScenariu: Matei Filip<br \/>\nImagine: Andrei Moldoveanu<br \/>\nMontaj: Maria T\u0103ma\u0219<br \/>\nSunet: Maria T\u0103ma\u0219<br \/>\nProduc\u0103tor: Matei Filip<br \/>\nDistribu\u021bie: Adi Ilie, Victor Muntean<\/p>\n<p>Sinopsis : Petru \u0219i Iosif petrec noaptea \u00eentr-o caban\u0103 la \u021bar\u0103, unde, \u00eentre tutoriale de muls vaci pe YouTube \u0219i vin de cas\u0103, \u00eencep s\u0103 testeze limitele prieteniei lor.<\/p>\n<\/div><\/div><div class=\"w-separator size_small with_line width_50 thick_2 style_dotted color_text align_center\"><div class=\"w-separator-h\"><\/div><\/div><\/div><\/div><\/div><\/div><\/div><\/section><section class=\"l-section wpb_row height_auto\"><div class=\"l-section-h i-cf\"><div class=\"g-cols vc_row via_flex valign_top type_default stacking_default\"><div class=\"vc_col-sm-4 wpb_column vc_column_container\"><div class=\"vc_column-inner\"><div class=\"wpb_wrapper\"><h5 class=\"w-text icon_atleft\"><span class=\"w-text-h\"><i class=\"fas fa-clock\"><\/i><span class=\"w-text-value\">Ora: 10:30 PM<\/span><\/span><\/h5><div class=\"w-image align_none\"><a ref=\"magnificPopup\" href=\"https:\/\/www.cinemaiubit.ro\/wp-content\/uploads\/2025\/12\/web.jpg\" aria-label=\"####_web\" class=\"w-image-h\"><img decoding=\"async\" width=\"1024\" height=\"631\" src=\"https:\/\/www.cinemaiubit.ro\/wp-content\/uploads\/2025\/12\/web-1024x631.jpg\" class=\"attachment-large size-large\" alt=\"\" loading=\"lazy\" srcset=\"https:\/\/www.cinemaiubit.ro\/wp-content\/uploads\/2025\/12\/web-1024x631.jpg 1024w, https:\/\/www.cinemaiubit.ro\/wp-content\/uploads\/2025\/12\/web-300x185.jpg 300w, https:\/\/www.cinemaiubit.ro\/wp-content\/uploads\/2025\/12\/web.jpg 1654w\" sizes=\"auto, (max-width: 1024px) 100vw, 1024px\" \/><\/a><\/div><\/div><\/div><\/div><div class=\"vc_col-sm-8 wpb_column vc_column_container\"><div class=\"vc_column-inner\"><div class=\"wpb_wrapper\"><div class=\"wpb_text_column\"><div class=\"wpb_wrapper\"><h5>####<br \/>\nUNATC Future Perspectives 3<br \/>\n13 min, 2025 &#8211; Romania, UNATC<\/h5>\n<p>Regie: \u0218tefan Tudose<br \/>\nScenariu: \u0218tefan Tudose, Alexandra Butoi<br \/>\nImagine: Eugenia T\u0103nase<br \/>\nMontaj: Paul Bernic<br \/>\nSunet: Paul Bernic<br \/>\nProduc\u0103tor: Maria Coci\u0219<br \/>\nDistribu\u021bie: Doru P\u0103tra\u0219cu, Noemi H\u0103isu, Nicu Bulete, Toma R\u00ee\u0219ca, Raul Iaghilescu, Luca B\u0103descu<\/p>\n<p>Sinopsis : Andi \u0219i Mara, doi tineri de st\u00e2nga, fur\u0103 un steag cu simbolul G\u0103rzii de Fier de la un grup de simpatizan\u021bi ai extremei drepte. Acest lucru declan\u0219eaz\u0103 o urm\u0103rire \u0219i o discu\u021bie despre ideologiile politice ale tuturor celor implica\u021bi.<\/p>\n<\/div><\/div><div class=\"w-separator size_small with_line width_50 thick_2 style_dotted color_text align_center\"><div class=\"w-separator-h\"><\/div><\/div><\/div><\/div><\/div><\/div><\/div><\/section><section class=\"l-section wpb_row height_auto\"><div class=\"l-section-h i-cf\"><div class=\"g-cols vc_row via_flex valign_top type_default stacking_default\"><div class=\"vc_col-sm-4 wpb_column vc_column_container\"><div class=\"vc_column-inner\"><div class=\"wpb_wrapper\"><h5 class=\"w-text icon_atleft\"><span class=\"w-text-h\"><i class=\"fas fa-clock\"><\/i><span class=\"w-text-value\">Ora: 10:43 PM<\/span><\/span><\/h5><div class=\"w-image align_none\"><a ref=\"magnificPopup\" href=\"https:\/\/www.cinemaiubit.ro\/wp-content\/uploads\/2025\/12\/Operat\u0326iunea-1-Mai_web.jpg\" aria-label=\"Operat\u0326iunea 1 Mai_web\" class=\"w-image-h\"><img decoding=\"async\" width=\"1024\" height=\"631\" src=\"https:\/\/www.cinemaiubit.ro\/wp-content\/uploads\/2025\/12\/Operat\u0326iunea-1-Mai_web-1024x631.jpg\" class=\"attachment-large size-large\" alt=\"\" loading=\"lazy\" srcset=\"https:\/\/www.cinemaiubit.ro\/wp-content\/uploads\/2025\/12\/Operat\u0326iunea-1-Mai_web-1024x631.jpg 1024w, https:\/\/www.cinemaiubit.ro\/wp-content\/uploads\/2025\/12\/Operat\u0326iunea-1-Mai_web-300x185.jpg 300w, https:\/\/www.cinemaiubit.ro\/wp-content\/uploads\/2025\/12\/Operat\u0326iunea-1-Mai_web.jpg 1654w\" sizes=\"auto, (max-width: 1024px) 100vw, 1024px\" \/><\/a><\/div><\/div><\/div><\/div><div class=\"vc_col-sm-8 wpb_column vc_column_container\"><div class=\"vc_column-inner\"><div class=\"wpb_wrapper\"><div class=\"wpb_text_column\"><div class=\"wpb_wrapper\"><h5>Opera\u021biunea1mai<br \/>\nUNATC Future Perspectives 3<br \/>\n15 min, 2025 &#8211; Romania, UNATC<\/h5>\n<p>Regie: Tudor Constantinescu<br \/>\nScenariu: Tudor Constantinescu<br \/>\nImagine: Eva Cretu<br \/>\nMontaj: Tudor Constantinescu<br \/>\nSunet: Tudor Constantinescu<br \/>\nProduc\u0103tor: Tudor Constantinescu<br \/>\nDistribu\u021bie: Darius Iova, Antonia Pa\u0219canu, Robert Leonard Tamas<\/p>\n<p>Sinopsis : Xavier ne prezint\u0103 materialul de arhiv\u0103 care documenteaz\u0103 \u201eopera\u021biunea 1 Mai\u201d. Opera\u021biunea are scopul de a elimina extremi\u0219tii heterosexuali care \u00eencep s\u0103 apar\u0103 \u00eentr-o lume homo-normativ\u0103.<\/p>\n<\/div><\/div><div class=\"w-separator size_small with_line width_50 thick_2 style_dotted color_text align_center\"><div class=\"w-separator-h\"><\/div><\/div><\/div><\/div><\/div><\/div><\/div><\/section>\n","protected":false},"excerpt":{"rendered":"FUTURE PERSPECTIVES 3 12 decembrie 2025 SALA CINEMA UNATC \u2013 10.00 PM Ora: 10:00 PMLua\u021bi-m\u0103 \u00eenapoi UNATC Future Perspectives 3 10 min, 2024 &#8211; Romania, UNATC Regie: Luca B\u0103descu Scenariu: Luca B\u0103descu imagine: David Berlo Montaj: Iustin Bauer Sunet: Iustin Bauer Produc\u0103tor: UNATC Distribu\u021bie: Luca B\u0103descu, Andrei Verman, Andrei Stanciu, Denisa Vraja, Drago\u0219 S\u0103r\u0103\u021beanu, Iustin...","protected":false},"author":1,"featured_media":0,"parent":38,"menu_order":0,"comment_status":"closed","ping_status":"closed","template":"","meta":{"footnotes":""},"class_list":["post-1082","page","type-page","status-publish","hentry"],"_links":{"self":[{"href":"https:\/\/www.cinemaiubit.ro\/ro\/wp-json\/wp\/v2\/pages\/1082","targetHints":{"allow":["GET"]}}],"collection":[{"href":"https:\/\/www.cinemaiubit.ro\/ro\/wp-json\/wp\/v2\/pages"}],"about":[{"href":"https:\/\/www.cinemaiubit.ro\/ro\/wp-json\/wp\/v2\/types\/page"}],"author":[{"embeddable":true,"href":"https:\/\/www.cinemaiubit.ro\/ro\/wp-json\/wp\/v2\/users\/1"}],"replies":[{"embeddable":true,"href":"https:\/\/www.cinemaiubit.ro\/ro\/wp-json\/wp\/v2\/comments?post=1082"}],"version-history":[{"count":2,"href":"https:\/\/www.cinemaiubit.ro\/ro\/wp-json\/wp\/v2\/pages\/1082\/revisions"}],"predecessor-version":[{"id":1090,"href":"https:\/\/www.cinemaiubit.ro\/ro\/wp-json\/wp\/v2\/pages\/1082\/revisions\/1090"}],"up":[{"embeddable":true,"href":"https:\/\/www.cinemaiubit.ro\/ro\/wp-json\/wp\/v2\/pages\/38"}],"wp:attachment":[{"href":"https:\/\/www.cinemaiubit.ro\/ro\/wp-json\/wp\/v2\/media?parent=1082"}],"curies":[{"name":"wp","href":"https:\/\/api.w.org\/{rel}","templated":true}]}}