{"id":1074,"date":"2025-12-02T21:11:00","date_gmt":"2025-12-02T21:11:00","guid":{"rendered":"https:\/\/www.cinemaiubit.ro\/programul-festivalului\/future-perspectives-2\/"},"modified":"2025-12-08T20:37:54","modified_gmt":"2025-12-08T20:37:54","slug":"future-perspectives-2","status":"publish","type":"page","link":"https:\/\/www.cinemaiubit.ro\/ro\/programul-festivalului\/future-perspectives-2\/","title":{"rendered":"FUTURE PERSPECTIVES 2"},"content":{"rendered":"<section class=\"l-section wpb_row height_small\"><div class=\"l-section-h i-cf\"><div class=\"g-cols vc_row via_flex valign_top type_default stacking_default\"><div class=\"vc_col-sm-12 wpb_column vc_column_container\"><div class=\"vc_column-inner\"><div class=\"wpb_wrapper\"><div class=\"wpb_text_column\"><div class=\"wpb_wrapper\"><h2 style=\"text-align: center;\">FUTURE PERSPECTIVES 2<\/h2>\n<p style=\"text-align: center;\"><strong>11 decembrie 2025<\/strong><br \/>\n<strong>SALA CINEMA UNATC \u2013 10.00 PM<\/strong><\/p>\n<\/div><\/div><\/div><\/div><\/div><\/div><\/div><\/section><section class=\"l-section wpb_row height_auto\"><div class=\"l-section-h i-cf\"><div class=\"g-cols vc_row via_flex valign_top type_default stacking_default\"><div class=\"vc_col-sm-4 wpb_column vc_column_container\"><div class=\"vc_column-inner\"><div class=\"wpb_wrapper\"><h5 class=\"w-text icon_atleft\"><span class=\"w-text-h\"><i class=\"fas fa-clock\"><\/i><span class=\"w-text-value\">Ora: 10:00 PM<\/span><\/span><\/h5><div class=\"w-image align_none\"><a ref=\"magnificPopup\" href=\"https:\/\/www.cinemaiubit.ro\/wp-content\/uploads\/2025\/12\/Pesti_web.jpg\" aria-label=\"Pesti_web\" class=\"w-image-h\"><img decoding=\"async\" width=\"1024\" height=\"631\" src=\"https:\/\/www.cinemaiubit.ro\/wp-content\/uploads\/2025\/12\/Pesti_web-1024x631.jpg\" class=\"attachment-large size-large\" alt=\"\" loading=\"lazy\" srcset=\"https:\/\/www.cinemaiubit.ro\/wp-content\/uploads\/2025\/12\/Pesti_web-1024x631.jpg 1024w, https:\/\/www.cinemaiubit.ro\/wp-content\/uploads\/2025\/12\/Pesti_web-300x185.jpg 300w, https:\/\/www.cinemaiubit.ro\/wp-content\/uploads\/2025\/12\/Pesti_web.jpg 1654w\" sizes=\"auto, (max-width: 1024px) 100vw, 1024px\" \/><\/a><\/div><div class=\"w-btn-wrapper align_none\"><a class=\"w-btn us-btn-style_2\" target=\"_blank\" href=\"https:\/\/youtu.be\/gagBdspsTUQ\"><span class=\"w-btn-label\">VIZIONEAZ\u0102 FILMUL<\/span><\/a><\/div><div class=\"w-btn-wrapper align_none\"><a class=\"w-btn us-btn-style_2\" target=\"_blank\" href=\"https:\/\/forms.gle\/JDCmyhqHC7izyjuk8\"><span class=\"w-btn-label\">VOTEAZ\u0102 ACEST FILM<\/span><\/a><\/div><\/div><\/div><\/div><div class=\"vc_col-sm-8 wpb_column vc_column_container\"><div class=\"vc_column-inner\"><div class=\"wpb_wrapper\"><div class=\"wpb_text_column\"><div class=\"wpb_wrapper\"><h5>Pe\u0219ti<br \/>\nUNATC Future Perspectives 2<br \/>\n16 min, 2025 &#8211; Romania, UNATC<\/h5>\n<p>Regie: Maria Filipache<br \/>\nScenariu: Maria Filipache<br \/>\nImagine: C\u0103t\u0103lina Badea<br \/>\nMontaj: Ecaterina Popescu<br \/>\nSunet: Ecaterina Popescu<br \/>\nProduc\u0103tor: Maria Filipache<br \/>\nDistribu\u021bie: Anamaria Codi\u021b\u0103, Gabi Bucur<\/p>\n<p>Sinopsis : Un b\u0103iat \u00ee\u0219i a\u0219teapt\u0103 iubita de ziua lui, iar \u00een timp ce o a\u0219teapt\u0103 m\u0103n\u00e2nc\u0103 at\u00e2t de mult pe\u0219te \u00eenc\u00e2t ajunge s\u0103 se intoxice cu mercur. Fiind tot mai confuz, \u00eencepe s\u0103 aib\u0103 halucina\u021bii bizare legate de c\u0103s\u0103torie.<\/p>\n<\/div><\/div><div class=\"w-separator size_small with_line width_50 thick_2 style_dotted color_text align_center\"><div class=\"w-separator-h\"><\/div><\/div><\/div><\/div><\/div><\/div><\/div><\/section><section class=\"l-section wpb_row height_auto\"><div class=\"l-section-h i-cf\"><div class=\"g-cols vc_row via_flex valign_top type_default stacking_default\"><div class=\"vc_col-sm-4 wpb_column vc_column_container\"><div class=\"vc_column-inner\"><div class=\"wpb_wrapper\"><h5 class=\"w-text icon_atleft\"><span class=\"w-text-h\"><i class=\"fas fa-clock\"><\/i><span class=\"w-text-value\">Ora: 10:16 PM<\/span><\/span><\/h5><div class=\"w-image align_none\"><a ref=\"magnificPopup\" href=\"https:\/\/www.cinemaiubit.ro\/wp-content\/uploads\/2025\/12\/Pas-rien_web.jpg\" aria-label=\"Pas rien_web\" class=\"w-image-h\"><img decoding=\"async\" width=\"1024\" height=\"631\" src=\"https:\/\/www.cinemaiubit.ro\/wp-content\/uploads\/2025\/12\/Pas-rien_web-1024x631.jpg\" class=\"attachment-large size-large\" alt=\"\" loading=\"lazy\" srcset=\"https:\/\/www.cinemaiubit.ro\/wp-content\/uploads\/2025\/12\/Pas-rien_web-1024x631.jpg 1024w, https:\/\/www.cinemaiubit.ro\/wp-content\/uploads\/2025\/12\/Pas-rien_web-300x185.jpg 300w, https:\/\/www.cinemaiubit.ro\/wp-content\/uploads\/2025\/12\/Pas-rien_web.jpg 1654w\" sizes=\"auto, (max-width: 1024px) 100vw, 1024px\" \/><\/a><\/div><div class=\"w-btn-wrapper align_none\"><a class=\"w-btn us-btn-style_2\" target=\"_blank\" href=\"https:\/\/youtu.be\/29DBt7cW7N4\"><span class=\"w-btn-label\">VIZIONEAZ\u0102 FILMUL<\/span><\/a><\/div><div class=\"w-btn-wrapper align_none\"><a class=\"w-btn us-btn-style_2\" target=\"_blank\" href=\"https:\/\/forms.gle\/JDCmyhqHC7izyjuk8\"><span class=\"w-btn-label\">VOTEAZ\u0102 ACEST FILM<\/span><\/a><\/div><\/div><\/div><\/div><div class=\"vc_col-sm-8 wpb_column vc_column_container\"><div class=\"vc_column-inner\"><div class=\"wpb_wrapper\"><div class=\"wpb_text_column\"><div class=\"wpb_wrapper\"><h5>Pas rien<br \/>\nUNATC Future Perspectives 2<br \/>\n4 min, 2025 &#8211; Romania, UBB<\/h5>\n<p>Regie: Daniela Panico<br \/>\nScenariu: Daniela Panico<br \/>\nImagine: Mircea Dr\u0103goescu<br \/>\nMontaj: C\u0103lin Indrecan<br \/>\nSunet: C\u0103lin Indrecan<br \/>\nProduc\u0103tor: Matei Filip<br \/>\nDistribu\u021bie: \u0218tefan Bogdan, Maria Biliu\u021b\u0103, Ana Lutenco, Daria Sandu, Sanda Bejan, Elena D\u0103sc\u0103lescu<\/p>\n<p>Sinopsis : O realitate experimental\u0103 care provoac\u0103 iluzia limitelor prin experien\u021bele unui B\u0103iat \u0219i a Cinci Fete.<\/p>\n<\/div><\/div><div class=\"w-separator size_small with_line width_50 thick_2 style_dotted color_text align_center\"><div class=\"w-separator-h\"><\/div><\/div><\/div><\/div><\/div><\/div><\/div><\/section><section class=\"l-section wpb_row height_auto\"><div class=\"l-section-h i-cf\"><div class=\"g-cols vc_row via_flex valign_top type_default stacking_default\"><div class=\"vc_col-sm-4 wpb_column vc_column_container\"><div class=\"vc_column-inner\"><div class=\"wpb_wrapper\"><h5 class=\"w-text icon_atleft\"><span class=\"w-text-h\"><i class=\"fas fa-clock\"><\/i><span class=\"w-text-value\">Ora: 10:20 PM<\/span><\/span><\/h5><div class=\"w-image align_none\"><a ref=\"magnificPopup\" href=\"https:\/\/www.cinemaiubit.ro\/wp-content\/uploads\/2025\/12\/Forme-de-viat\u0326a\u0306_web.jpg\" aria-label=\"Forme de viat\u0326a\u0306_web\" class=\"w-image-h\"><img decoding=\"async\" width=\"1024\" height=\"631\" src=\"https:\/\/www.cinemaiubit.ro\/wp-content\/uploads\/2025\/12\/Forme-de-viat\u0326a\u0306_web-1024x631.jpg\" class=\"attachment-large size-large\" alt=\"\" loading=\"lazy\" srcset=\"https:\/\/www.cinemaiubit.ro\/wp-content\/uploads\/2025\/12\/Forme-de-viat\u0326a\u0306_web-1024x631.jpg 1024w, https:\/\/www.cinemaiubit.ro\/wp-content\/uploads\/2025\/12\/Forme-de-viat\u0326a\u0306_web-300x185.jpg 300w, https:\/\/www.cinemaiubit.ro\/wp-content\/uploads\/2025\/12\/Forme-de-viat\u0326a\u0306_web.jpg 1654w\" sizes=\"auto, (max-width: 1024px) 100vw, 1024px\" \/><\/a><\/div><div class=\"w-btn-wrapper align_none\"><a class=\"w-btn us-btn-style_2\" target=\"_blank\" href=\"https:\/\/youtu.be\/biH0UIE-bSk\"><span class=\"w-btn-label\">VIZIONEAZ\u0102 FILMUL<\/span><\/a><\/div><div class=\"w-btn-wrapper align_none\"><a class=\"w-btn us-btn-style_2\" target=\"_blank\" href=\"https:\/\/forms.gle\/JDCmyhqHC7izyjuk8\"><span class=\"w-btn-label\">VOTEAZ\u0102 ACEST FILM<\/span><\/a><\/div><\/div><\/div><\/div><div class=\"vc_col-sm-8 wpb_column vc_column_container\"><div class=\"vc_column-inner\"><div class=\"wpb_wrapper\"><div class=\"wpb_text_column\"><div class=\"wpb_wrapper\"><h5>Forme de Via\u0163\u0103<br \/>\nUNATC Future Perspectives 2<br \/>\n8 min, 2025 &#8211; Romania, UNATC<\/h5>\n<p>Regie: Alina Berzun\u0163eanu<br \/>\nScenariu: Arina Bonciu &amp; Alina Berzun\u0163eanu<br \/>\nImagine: Sabin Mihai Popa<br \/>\nMontaj: Alexia \u0162iric\u0103<br \/>\nSunet: Alexia \u0162iric\u0103<br \/>\nDistribu\u021bie: Nadiana S\u0103l\u0103gean, Cezar Antal, Denisa Vraja<\/p>\n<p>Sinopsis : Nina, \u00een jur de 55 de ani, \u00ee\u0219i surprinde so\u021bul al\u0103turi de o alt\u0103 femeie. Filmul alterneaz\u0103 scene din realitate cu imagina\u021bia Ninei, surprinz\u00e2nd modul \u00een care ea face fa\u021b\u0103 emo\u021bional acestei drame domestice: g\u00e2ndurile, lacrimile, \u021bipetele \u0219i, \u00een cele din urm\u0103, fragilitatea.<\/p>\n<\/div><\/div><div class=\"w-separator size_small with_line width_50 thick_2 style_dotted color_text align_center\"><div class=\"w-separator-h\"><\/div><\/div><\/div><\/div><\/div><\/div><\/div><\/section><section class=\"l-section wpb_row height_auto\"><div class=\"l-section-h i-cf\"><div class=\"g-cols vc_row via_flex valign_top type_default stacking_default\"><div class=\"vc_col-sm-4 wpb_column vc_column_container\"><div class=\"vc_column-inner\"><div class=\"wpb_wrapper\"><h5 class=\"w-text icon_atleft\"><span class=\"w-text-h\"><i class=\"fas fa-clock\"><\/i><span class=\"w-text-value\">Ora: 10:28 PM<\/span><\/span><\/h5><div class=\"w-image align_none\"><a ref=\"magnificPopup\" href=\"https:\/\/www.cinemaiubit.ro\/wp-content\/uploads\/2025\/12\/Olimpiada_web.jpg\" aria-label=\"Olimpiada_web\" class=\"w-image-h\"><img decoding=\"async\" width=\"1024\" height=\"631\" src=\"https:\/\/www.cinemaiubit.ro\/wp-content\/uploads\/2025\/12\/Olimpiada_web-1024x631.jpg\" class=\"attachment-large size-large\" alt=\"\" loading=\"lazy\" srcset=\"https:\/\/www.cinemaiubit.ro\/wp-content\/uploads\/2025\/12\/Olimpiada_web-1024x631.jpg 1024w, https:\/\/www.cinemaiubit.ro\/wp-content\/uploads\/2025\/12\/Olimpiada_web-300x185.jpg 300w, https:\/\/www.cinemaiubit.ro\/wp-content\/uploads\/2025\/12\/Olimpiada_web.jpg 1654w\" sizes=\"auto, (max-width: 1024px) 100vw, 1024px\" \/><\/a><\/div><div class=\"w-btn-wrapper align_none\"><a class=\"w-btn us-btn-style_2\" target=\"_blank\" href=\"https:\/\/youtu.be\/ByfeQbx89oE\"><span class=\"w-btn-label\">VIZIONEAZ\u0102 FILMUL<\/span><\/a><\/div><div class=\"w-btn-wrapper align_none\"><a class=\"w-btn us-btn-style_2\" target=\"_blank\" href=\"https:\/\/forms.gle\/JDCmyhqHC7izyjuk8\"><span class=\"w-btn-label\">VOTEAZ\u0102 ACEST FILM<\/span><\/a><\/div><\/div><\/div><\/div><div class=\"vc_col-sm-8 wpb_column vc_column_container\"><div class=\"vc_column-inner\"><div class=\"wpb_wrapper\"><div class=\"wpb_text_column\"><div class=\"wpb_wrapper\"><h5> Olympiada<br \/>\nUNATC Future Perspectives 2<br \/>\n13 min, 2025 &#8211; Romania, UNATC<\/h5>\n<p>Regie: Luca B\u0103descu<br \/>\nScenariu: Luca B\u0103descu<br \/>\nimagine: David Berlo<br \/>\nMontaj: Iustin Bauer<br \/>\nSunet: Iustin Bauer<br \/>\nProduc\u0103tor: UNATC<br \/>\nDistribu\u021bie: Alexandru Stan, Denisa Cr\u0103escu, Luca Sebastian, \u0218tefan Tudose<\/p>\n<p>Sinopsis : Un persan este judecat pentru c\u0103 ar fi violat regina.<\/p>\n<\/div><\/div><div class=\"w-separator size_small with_line width_50 thick_2 style_dotted color_text align_center\"><div class=\"w-separator-h\"><\/div><\/div><\/div><\/div><\/div><\/div><\/div><\/section><section class=\"l-section wpb_row height_auto\"><div class=\"l-section-h i-cf\"><div class=\"g-cols vc_row via_flex valign_top type_default stacking_default\"><div class=\"vc_col-sm-4 wpb_column vc_column_container\"><div class=\"vc_column-inner\"><div class=\"wpb_wrapper\"><h5 class=\"w-text icon_atleft\"><span class=\"w-text-h\"><i class=\"fas fa-clock\"><\/i><span class=\"w-text-value\">Ora: 10:41 PM<\/span><\/span><\/h5><div class=\"w-image align_none\"><a ref=\"magnificPopup\" href=\"https:\/\/www.cinemaiubit.ro\/wp-content\/uploads\/2025\/12\/preludiu-infinit_web.jpg\" aria-label=\"preludiu (infinit)_web\" class=\"w-image-h\"><img decoding=\"async\" width=\"1024\" height=\"631\" src=\"https:\/\/www.cinemaiubit.ro\/wp-content\/uploads\/2025\/12\/preludiu-infinit_web-1024x631.jpg\" class=\"attachment-large size-large\" alt=\"\" loading=\"lazy\" srcset=\"https:\/\/www.cinemaiubit.ro\/wp-content\/uploads\/2025\/12\/preludiu-infinit_web-1024x631.jpg 1024w, https:\/\/www.cinemaiubit.ro\/wp-content\/uploads\/2025\/12\/preludiu-infinit_web-300x185.jpg 300w, https:\/\/www.cinemaiubit.ro\/wp-content\/uploads\/2025\/12\/preludiu-infinit_web.jpg 1654w\" sizes=\"auto, (max-width: 1024px) 100vw, 1024px\" \/><\/a><\/div><div class=\"w-btn-wrapper align_none\"><a class=\"w-btn us-btn-style_2\" target=\"_blank\" href=\"https:\/\/forms.gle\/JDCmyhqHC7izyjuk8\"><span class=\"w-btn-label\">VOTEAZ\u0102 ACEST FILM<\/span><\/a><\/div><\/div><\/div><\/div><div class=\"vc_col-sm-8 wpb_column vc_column_container\"><div class=\"vc_column-inner\"><div class=\"wpb_wrapper\"><div class=\"wpb_text_column\"><div class=\"wpb_wrapper\"><h5>preludiu (infinit)<br \/>\nUNATC Future Perspectives 2<br \/>\n11 min, 2025 &#8211; Romania, UNATC<\/h5>\n<p>Regie: Miya Verman<br \/>\nMontaj: Miya Verman<\/p>\n<p>Synopsis : Explor\u00e2nd internetul, cineasta caut\u0103 oameni online, \u00een speran\u021ba de a g\u0103si conexiune. Pe parcurs, ceva se pierde, iar scopul pe care \u0219i l-a propus devine tot mai neclar \u0219i dezorientant.<\/p>\n<\/div><\/div><div class=\"w-separator size_small with_line width_50 thick_2 style_dotted color_text align_center\"><div class=\"w-separator-h\"><\/div><\/div><\/div><\/div><\/div><\/div><\/div><\/section>\n","protected":false},"excerpt":{"rendered":"FUTURE PERSPECTIVES 2 11 decembrie 2025 SALA CINEMA UNATC \u2013 10.00 PM Ora: 10:00 PMVIZIONEAZ\u0102 FILMULVOTEAZ\u0102 ACEST FILMPe\u0219ti UNATC Future Perspectives 2 16 min, 2025 &#8211; Romania, UNATC Regie: Maria Filipache Scenariu: Maria Filipache Imagine: C\u0103t\u0103lina Badea Montaj: Ecaterina Popescu Sunet: Ecaterina Popescu Produc\u0103tor: Maria Filipache Distribu\u021bie: Anamaria Codi\u021b\u0103, Gabi Bucur Sinopsis : Un b\u0103iat...","protected":false},"author":1,"featured_media":0,"parent":38,"menu_order":0,"comment_status":"closed","ping_status":"closed","template":"","meta":{"footnotes":""},"class_list":["post-1074","page","type-page","status-publish","hentry"],"_links":{"self":[{"href":"https:\/\/www.cinemaiubit.ro\/ro\/wp-json\/wp\/v2\/pages\/1074","targetHints":{"allow":["GET"]}}],"collection":[{"href":"https:\/\/www.cinemaiubit.ro\/ro\/wp-json\/wp\/v2\/pages"}],"about":[{"href":"https:\/\/www.cinemaiubit.ro\/ro\/wp-json\/wp\/v2\/types\/page"}],"author":[{"embeddable":true,"href":"https:\/\/www.cinemaiubit.ro\/ro\/wp-json\/wp\/v2\/users\/1"}],"replies":[{"embeddable":true,"href":"https:\/\/www.cinemaiubit.ro\/ro\/wp-json\/wp\/v2\/comments?post=1074"}],"version-history":[{"count":6,"href":"https:\/\/www.cinemaiubit.ro\/ro\/wp-json\/wp\/v2\/pages\/1074\/revisions"}],"predecessor-version":[{"id":1253,"href":"https:\/\/www.cinemaiubit.ro\/ro\/wp-json\/wp\/v2\/pages\/1074\/revisions\/1253"}],"up":[{"embeddable":true,"href":"https:\/\/www.cinemaiubit.ro\/ro\/wp-json\/wp\/v2\/pages\/38"}],"wp:attachment":[{"href":"https:\/\/www.cinemaiubit.ro\/ro\/wp-json\/wp\/v2\/media?parent=1074"}],"curies":[{"name":"wp","href":"https:\/\/api.w.org\/{rel}","templated":true}]}}