{"id":1067,"date":"2025-12-02T20:43:47","date_gmt":"2025-12-02T20:43:47","guid":{"rendered":"https:\/\/www.cinemaiubit.ro\/programul-festivalului\/future-perspectives-1\/"},"modified":"2025-12-08T14:16:36","modified_gmt":"2025-12-08T14:16:36","slug":"future-perspectives-1","status":"publish","type":"page","link":"https:\/\/www.cinemaiubit.ro\/ro\/programul-festivalului\/future-perspectives-1\/","title":{"rendered":"FUTURE PERSPECTIVES 1"},"content":{"rendered":"<section class=\"l-section wpb_row height_small\"><div class=\"l-section-h i-cf\"><div class=\"g-cols vc_row via_flex valign_top type_default stacking_default\"><div class=\"vc_col-sm-12 wpb_column vc_column_container\"><div class=\"vc_column-inner\"><div class=\"wpb_wrapper\"><div class=\"wpb_text_column\"><div class=\"wpb_wrapper\"><h2 style=\"text-align: center;\">FUTURE PERSPECTIVES 1<\/h2>\n<p style=\"text-align: center;\"><strong>10 decembrie 2025<\/strong><br \/>\n<strong>SALA CINEMA UNATC \u2013 10.00 PM<\/strong><\/p>\n<\/div><\/div><\/div><\/div><\/div><\/div><\/div><\/section><section class=\"l-section wpb_row height_auto\"><div class=\"l-section-h i-cf\"><div class=\"g-cols vc_row via_flex valign_top type_default stacking_default\"><div class=\"vc_col-sm-4 wpb_column vc_column_container\"><div class=\"vc_column-inner\"><div class=\"wpb_wrapper\"><h5 class=\"w-text icon_atleft\"><span class=\"w-text-h\"><i class=\"fas fa-clock\"><\/i><span class=\"w-text-value\">Ora: 10:00 PM<\/span><\/span><\/h5><div class=\"w-image align_none\"><a ref=\"magnificPopup\" href=\"https:\/\/www.cinemaiubit.ro\/wp-content\/uploads\/2025\/12\/FFM_web.jpg\" aria-label=\"FFM_web\" class=\"w-image-h\"><img decoding=\"async\" width=\"1024\" height=\"631\" src=\"https:\/\/www.cinemaiubit.ro\/wp-content\/uploads\/2025\/12\/FFM_web-1024x631.jpg\" class=\"attachment-large size-large\" alt=\"\" loading=\"lazy\" srcset=\"https:\/\/www.cinemaiubit.ro\/wp-content\/uploads\/2025\/12\/FFM_web-1024x631.jpg 1024w, https:\/\/www.cinemaiubit.ro\/wp-content\/uploads\/2025\/12\/FFM_web-300x185.jpg 300w, https:\/\/www.cinemaiubit.ro\/wp-content\/uploads\/2025\/12\/FFM_web.jpg 1654w\" sizes=\"auto, (max-width: 1024px) 100vw, 1024px\" \/><\/a><\/div><div class=\"w-btn-wrapper align_none\"><a class=\"w-btn us-btn-style_2\" target=\"_blank\" href=\"https:\/\/youtu.be\/1sqQBu2ZpTM\"><span class=\"w-btn-label\">VIZIONEAZ\u0102 FILMUL<\/span><\/a><\/div><div class=\"w-btn-wrapper align_none\"><a class=\"w-btn us-btn-style_2\" target=\"_blank\" href=\"https:\/\/forms.gle\/pmp9ftHju3UNzw9b8\"><span class=\"w-btn-label\">VOTEAZ\u0102 ACEST FILM<\/span><\/a><\/div><\/div><\/div><\/div><div class=\"vc_col-sm-8 wpb_column vc_column_container\"><div class=\"vc_column-inner\"><div class=\"wpb_wrapper\"><div class=\"wpb_text_column\"><div class=\"wpb_wrapper\"><h5>FFM?<br \/>\nUNATC Future Perspectives 1<br \/>\n10 min, 2025 &#8211; Romania, UNATC<\/h5>\n<p>Regie: Maria Galathea Sorici<br \/>\nScenariu: Maria Galathea Sorici<br \/>\nImagine: Andreea Fechet<br \/>\nMontaj: Daria Dinoiu<br \/>\nSunet: Cosmin M\u0103rg\u0103rit<br \/>\nProduc\u0103tor: Maria Galathea Sorici<br \/>\nDistribu\u021bie: Cristina D\u0103nciulescu, Valentina Moghin\u0103<\/p>\n<p>Sinopsis : Mira \u0219i Andra, foste prietene cu un trecut fragil, se re\u00eent\u00e2lnesc c\u00e2nd Mira cump\u0103r\u0103 un costum de baie pentru petrecerea Andrei. O propunere indecent\u0103 declan\u0219eaz\u0103 haosul, iar o tr\u0103dare dureroas\u0103 amenin\u021b\u0103 s\u0103-i schimbe Mirei via\u021ba pentru totdeauna.<\/p>\n<\/div><\/div><div class=\"w-separator size_small with_line width_50 thick_2 style_dotted color_text align_center\"><div class=\"w-separator-h\"><\/div><\/div><\/div><\/div><\/div><\/div><\/div><\/section><section class=\"l-section wpb_row height_auto\"><div class=\"l-section-h i-cf\"><div class=\"g-cols vc_row via_flex valign_top type_default stacking_default\"><div class=\"vc_col-sm-4 wpb_column vc_column_container\"><div class=\"vc_column-inner\"><div class=\"wpb_wrapper\"><h5 class=\"w-text icon_atleft\"><span class=\"w-text-h\"><i class=\"fas fa-clock\"><\/i><span class=\"w-text-value\">Ora: 10:10 PM<\/span><\/span><\/h5><div class=\"w-image align_none\"><a ref=\"magnificPopup\" href=\"https:\/\/www.cinemaiubit.ro\/wp-content\/uploads\/2025\/12\/Din-intamplarile-timpului-meu_web.jpg\" aria-label=\"Din intamplarile timpului meu_web\" class=\"w-image-h\"><img decoding=\"async\" width=\"1024\" height=\"631\" src=\"https:\/\/www.cinemaiubit.ro\/wp-content\/uploads\/2025\/12\/Din-intamplarile-timpului-meu_web-1024x631.jpg\" class=\"attachment-large size-large\" alt=\"\" loading=\"lazy\" srcset=\"https:\/\/www.cinemaiubit.ro\/wp-content\/uploads\/2025\/12\/Din-intamplarile-timpului-meu_web-1024x631.jpg 1024w, https:\/\/www.cinemaiubit.ro\/wp-content\/uploads\/2025\/12\/Din-intamplarile-timpului-meu_web-300x185.jpg 300w, https:\/\/www.cinemaiubit.ro\/wp-content\/uploads\/2025\/12\/Din-intamplarile-timpului-meu_web.jpg 1654w\" sizes=\"auto, (max-width: 1024px) 100vw, 1024px\" \/><\/a><\/div><div class=\"w-btn-wrapper align_none\"><a class=\"w-btn us-btn-style_2\" target=\"_blank\" href=\"https:\/\/youtu.be\/48j7mMyMsuQ\"><span class=\"w-btn-label\">VIZIONEAZ\u0102 FILMUL<\/span><\/a><\/div><div class=\"w-btn-wrapper align_none\"><a class=\"w-btn us-btn-style_2\" target=\"_blank\" href=\"https:\/\/forms.gle\/pmp9ftHju3UNzw9b8\"><span class=\"w-btn-label\">VOTEAZ\u0102 ACEST FILM<\/span><\/a><\/div><\/div><\/div><\/div><div class=\"vc_col-sm-8 wpb_column vc_column_container\"><div class=\"vc_column-inner\"><div class=\"wpb_wrapper\"><div class=\"wpb_text_column\"><div class=\"wpb_wrapper\"><h5>Din \u00eent\u00e2mpl\u0103rile timpului meu<br \/>\nUNATC Future Perspectives 1<br \/>\n9 min, 2025 &#8211; Romania, UNATC<\/h5>\n<p>Regie: \u0218tefan Lungu<br \/>\nScenariu: Diana Barbalat\u0103<br \/>\nImagine: Cristian Alexandru Blejan<br \/>\nMontaj: \u0218tefan Nicolae Popescu<br \/>\nSunet: \u0218tefan Nicolae Popescu<br \/>\nProduc\u0103tor: Maria Galathea Sorici<br \/>\nDistribu\u021bie: Ioan Neagu<\/p>\n<p>Sinopsis : Neagu Ioan, un b\u0103tr\u00e2n din Ploie\u0219ti, \u0219i-a g\u0103sit refugiu fa\u021b\u0103 de greut\u0103\u021bile vie\u021bii \u00een cea mai mare pasiune a sa: lectura, care i-a devenit alinare \u0219i lume de evadare.<\/p>\n<\/div><\/div><div class=\"w-separator size_small with_line width_50 thick_2 style_dotted color_text align_center\"><div class=\"w-separator-h\"><\/div><\/div><\/div><\/div><\/div><\/div><\/div><\/section><section class=\"l-section wpb_row height_auto\"><div class=\"l-section-h i-cf\"><div class=\"g-cols vc_row via_flex valign_top type_default stacking_default\"><div class=\"vc_col-sm-4 wpb_column vc_column_container\"><div class=\"vc_column-inner\"><div class=\"wpb_wrapper\"><h5 class=\"w-text icon_atleft\"><span class=\"w-text-h\"><i class=\"fas fa-clock\"><\/i><span class=\"w-text-value\">Ora: 10:19 PM<\/span><\/span><\/h5><div class=\"w-image align_none\"><a ref=\"magnificPopup\" href=\"https:\/\/www.cinemaiubit.ro\/wp-content\/uploads\/2025\/12\/Baieteala_web.jpg\" aria-label=\"Baieteala_web\" class=\"w-image-h\"><img decoding=\"async\" width=\"1024\" height=\"631\" src=\"https:\/\/www.cinemaiubit.ro\/wp-content\/uploads\/2025\/12\/Baieteala_web-1024x631.jpg\" class=\"attachment-large size-large\" alt=\"\" loading=\"lazy\" srcset=\"https:\/\/www.cinemaiubit.ro\/wp-content\/uploads\/2025\/12\/Baieteala_web-1024x631.jpg 1024w, https:\/\/www.cinemaiubit.ro\/wp-content\/uploads\/2025\/12\/Baieteala_web-300x185.jpg 300w, https:\/\/www.cinemaiubit.ro\/wp-content\/uploads\/2025\/12\/Baieteala_web.jpg 1654w\" sizes=\"auto, (max-width: 1024px) 100vw, 1024px\" \/><\/a><\/div><div class=\"w-btn-wrapper align_none\"><a class=\"w-btn us-btn-style_2\" target=\"_blank\" href=\"https:\/\/youtu.be\/OBGVdsahtsA\"><span class=\"w-btn-label\">VIZIONEAZ\u0102 FILMUL<\/span><\/a><\/div><div class=\"w-btn-wrapper align_none\"><a class=\"w-btn us-btn-style_2\" target=\"_blank\" href=\"https:\/\/forms.gle\/pmp9ftHju3UNzw9b8\"><span class=\"w-btn-label\">VOTEAZ\u0102 ACEST FILM<\/span><\/a><\/div><\/div><\/div><\/div><div class=\"vc_col-sm-8 wpb_column vc_column_container\"><div class=\"vc_column-inner\"><div class=\"wpb_wrapper\"><div class=\"wpb_text_column\"><div class=\"wpb_wrapper\"><h5>B\u0103ie\u021beal\u0103<br \/>\nUNATC Future Perspectives 1<br \/>\n12 min, 2025 &#8211; Romania, UNATC<\/h5>\n<p>Regizor: Alexandru Palaghia<br \/>\nScenariu: Alexandru Palaghia &amp; Diana Barb\u0103lat\u0103<br \/>\nImagine: Andreea C\u00e2mpeanu<br \/>\nMontaj: Andrei-Radu Urde\u0219<br \/>\nSunet: Andrei-Radu Urde\u0219<br \/>\nProduc\u0103tor: Alexandru Palaghia, Andrei-Radu Urde\u0219, Andreea C\u00e2mpeanu<br \/>\nDistribu\u021bie: Theodor Pari\u0219, Ilie Star\u00ee\u0219, Radu Mihai Parnescu<\/p>\n<p>Sinopsis : \u00cen chiar ziua \u00een care un asteroid trece \u00een vitez\u0103 pe l\u00e2ng\u0103 P\u0103m\u00e2nt, trei b\u0103ie\u021bi se str\u00e2ng pentru a face un gr\u0103tar \u00een aer liber, f\u0103r\u0103 s\u0103 \u0219tie c\u0103 lini\u0219tea dup\u0103-amiezii va fi tulburat\u0103 de ceva mult mai nea\u0219teptat dec\u00e2t apropierea unei roci spa\u021biale.<\/p>\n<\/div><\/div><div class=\"w-separator size_small with_line width_50 thick_2 style_dotted color_text align_center\"><div class=\"w-separator-h\"><\/div><\/div><\/div><\/div><\/div><\/div><\/div><\/section><section class=\"l-section wpb_row height_auto\"><div class=\"l-section-h i-cf\"><div class=\"g-cols vc_row via_flex valign_top type_default stacking_default\"><div class=\"vc_col-sm-4 wpb_column vc_column_container\"><div class=\"vc_column-inner\"><div class=\"wpb_wrapper\"><h5 class=\"w-text icon_atleft\"><span class=\"w-text-h\"><i class=\"fas fa-clock\"><\/i><span class=\"w-text-value\">Ora: 10:31 PM<\/span><\/span><\/h5><div class=\"w-image align_none\"><a ref=\"magnificPopup\" href=\"https:\/\/www.cinemaiubit.ro\/wp-content\/uploads\/2025\/12\/Ania_web.jpg\" aria-label=\"Ania_web\" class=\"w-image-h\"><img decoding=\"async\" width=\"1024\" height=\"631\" src=\"https:\/\/www.cinemaiubit.ro\/wp-content\/uploads\/2025\/12\/Ania_web-1024x631.jpg\" class=\"attachment-large size-large\" alt=\"\" loading=\"lazy\" srcset=\"https:\/\/www.cinemaiubit.ro\/wp-content\/uploads\/2025\/12\/Ania_web-1024x631.jpg 1024w, https:\/\/www.cinemaiubit.ro\/wp-content\/uploads\/2025\/12\/Ania_web-300x185.jpg 300w, https:\/\/www.cinemaiubit.ro\/wp-content\/uploads\/2025\/12\/Ania_web.jpg 1654w\" sizes=\"auto, (max-width: 1024px) 100vw, 1024px\" \/><\/a><\/div><div class=\"w-btn-wrapper align_none\"><a class=\"w-btn us-btn-style_2\" target=\"_blank\" href=\"https:\/\/youtu.be\/NauhEXxWXIw\"><span class=\"w-btn-label\">VIZIONEAZ\u0102 FILMUL<\/span><\/a><\/div><div class=\"w-btn-wrapper align_none\"><a class=\"w-btn us-btn-style_2\" target=\"_blank\" href=\"https:\/\/forms.gle\/pmp9ftHju3UNzw9b8\"><span class=\"w-btn-label\">VOTEAZ\u0102 ACEST FILM<\/span><\/a><\/div><\/div><\/div><\/div><div class=\"vc_col-sm-8 wpb_column vc_column_container\"><div class=\"vc_column-inner\"><div class=\"wpb_wrapper\"><div class=\"wpb_text_column\"><div class=\"wpb_wrapper\"><h5>Ania<br \/>\nUNATC Future Perspectives 1<br \/>\n10 min, 2025 &#8211; Romania, UNATC<\/h5>\n<p>Regie: Daria Elena Ciocan<br \/>\nScenariu: Daria Elena Ciocan, Artur Cojocaru, Damian Olaru<br \/>\nImagine: Anca Paula Husariu<br \/>\nMontaj: Ruxandra Istrate<br \/>\nSunet: Ruxandra Istrate<br \/>\nDistribu\u021bie: Alexandra Ion, Iulia Popa<\/p>\n<p>Sinopsis : Laura \u0219i Ania, prietene din copil\u0103rie, \u00ee\u0219i iau o zi liber\u0103 de la \u0219coal\u0103 dup\u0103 ce Ania afl\u0103 c\u0103 tat\u0103l ei este \u00een stare critic\u0103. Ceea ce \u00eencepe ca o simpl\u0103 evadare se transform\u0103 \u00eentr-o zi plin\u0103 de r\u00e2sete, dar \u0219i de m\u0103rturisiri dureroase. Seara le g\u0103se\u0219te cu leg\u0103tura lor fragil\u0103 pus\u0103 la \u00eencercare de adev\u0103r \u0219i de vestea care o a\u0219teapt\u0103 pe Ania.<\/p>\n<\/div><\/div><div class=\"w-separator size_small with_line width_50 thick_2 style_dotted color_text align_center\"><div class=\"w-separator-h\"><\/div><\/div><\/div><\/div><\/div><\/div><\/div><\/section>\n","protected":false},"excerpt":{"rendered":"FUTURE PERSPECTIVES 1 10 decembrie 2025 SALA CINEMA UNATC \u2013 10.00 PM Ora: 10:00 PMVIZIONEAZ\u0102 FILMULVOTEAZ\u0102 ACEST FILMFFM? UNATC Future Perspectives 1 10 min, 2025 &#8211; Romania, UNATC Regie: Maria Galathea Sorici Scenariu: Maria Galathea Sorici Imagine: Andreea Fechet Montaj: Daria Dinoiu Sunet: Cosmin M\u0103rg\u0103rit Produc\u0103tor: Maria Galathea Sorici Distribu\u021bie: Cristina D\u0103nciulescu, Valentina Moghin\u0103 Sinopsis...","protected":false},"author":1,"featured_media":0,"parent":38,"menu_order":0,"comment_status":"closed","ping_status":"closed","template":"","meta":{"footnotes":""},"class_list":["post-1067","page","type-page","status-publish","hentry"],"_links":{"self":[{"href":"https:\/\/www.cinemaiubit.ro\/ro\/wp-json\/wp\/v2\/pages\/1067","targetHints":{"allow":["GET"]}}],"collection":[{"href":"https:\/\/www.cinemaiubit.ro\/ro\/wp-json\/wp\/v2\/pages"}],"about":[{"href":"https:\/\/www.cinemaiubit.ro\/ro\/wp-json\/wp\/v2\/types\/page"}],"author":[{"embeddable":true,"href":"https:\/\/www.cinemaiubit.ro\/ro\/wp-json\/wp\/v2\/users\/1"}],"replies":[{"embeddable":true,"href":"https:\/\/www.cinemaiubit.ro\/ro\/wp-json\/wp\/v2\/comments?post=1067"}],"version-history":[{"count":4,"href":"https:\/\/www.cinemaiubit.ro\/ro\/wp-json\/wp\/v2\/pages\/1067\/revisions"}],"predecessor-version":[{"id":1244,"href":"https:\/\/www.cinemaiubit.ro\/ro\/wp-json\/wp\/v2\/pages\/1067\/revisions\/1244"}],"up":[{"embeddable":true,"href":"https:\/\/www.cinemaiubit.ro\/ro\/wp-json\/wp\/v2\/pages\/38"}],"wp:attachment":[{"href":"https:\/\/www.cinemaiubit.ro\/ro\/wp-json\/wp\/v2\/media?parent=1067"}],"curies":[{"name":"wp","href":"https:\/\/api.w.org\/{rel}","templated":true}]}}